{"id":3410,"date":"2025-07-12T22:35:36","date_gmt":"2025-07-12T20:35:36","guid":{"rendered":"https:\/\/www.autobednarczyk.com\/?page_id=3410"},"modified":"2025-07-12T23:09:22","modified_gmt":"2025-07-12T21:09:22","slug":"klauzula-rodo","status":"publish","type":"page","link":"https:\/\/www.autobednarczyk.com\/index.php\/klauzula-rodo\/","title":{"rendered":"Klauzula RODO"},"content":{"rendered":"\t\t<div data-elementor-type=\"wp-page\" data-elementor-id=\"3410\" class=\"elementor elementor-3410\">\n\t\t\t\t\t\t<section class=\"elementor-section elementor-top-section elementor-element elementor-element-9cdc550 elementor-section-boxed elementor-section-height-default elementor-section-height-default\" data-id=\"9cdc550\" data-element_type=\"section\">\n\t\t\t\t\t\t<div class=\"elementor-container elementor-column-gap-default\">\n\t\t\t\t\t<div class=\"elementor-column elementor-col-100 elementor-top-column elementor-element elementor-element-ddd3180\" data-id=\"ddd3180\" data-element_type=\"column\">\n\t\t\t<div class=\"elementor-widget-wrap elementor-element-populated\">\n\t\t\t\t\t\t<div class=\"elementor-element elementor-element-8d4f66a elementor-widget elementor-widget-heading\" data-id=\"8d4f66a\" data-element_type=\"widget\" data-widget_type=\"heading.default\">\n\t\t\t\t\t<h2 class=\"elementor-heading-title elementor-size-default\">INFORMACJA O PRZETWARZANIU DANYCH OSOBOWYCH<\/h2>\t\t\t\t<\/div>\n\t\t\t\t<div class=\"elementor-element elementor-element-8b52525 elementor-widget elementor-widget-stm-colored-separator\" data-id=\"8b52525\" data-element_type=\"widget\" data-widget_type=\"stm-colored-separator.default\">\n\t\t\t\t<div class=\"elementor-widget-container\">\n\t\t\t\t\t<div class=\"colored-separator\" style=\"text-align: center;\">\r\n\t\t\t<div class=\"first-long stm-base-background-color\"><\/div>\r\n\t\t<div class=\"last-short stm-base-background-color\"><\/div>\r\n\t<\/div>\r\n\t\t\t\t<\/div>\n\t\t\t\t<\/div>\n\t\t\t\t<section class=\"elementor-section elementor-inner-section elementor-element elementor-element-9421f67 elementor-section-boxed elementor-section-height-default elementor-section-height-default\" data-id=\"9421f67\" data-element_type=\"section\">\n\t\t\t\t\t\t<div class=\"elementor-container elementor-column-gap-default\">\n\t\t\t\t\t<div class=\"elementor-column elementor-col-100 elementor-inner-column elementor-element elementor-element-b66ed5a\" data-id=\"b66ed5a\" data-element_type=\"column\">\n\t\t\t<div class=\"elementor-widget-wrap elementor-element-populated\">\n\t\t\t\t\t\t<div class=\"elementor-element elementor-element-a065aad elementor-widget elementor-widget-text-editor\" data-id=\"a065aad\" data-element_type=\"widget\" data-widget_type=\"text-editor.default\">\n\t\t\t\t\t\t\t\t\t<p style=\"text-align: justify;\">Szanowni Pa\u0144stwo,<\/p>\n<p style=\"text-align: justify;\">uprzejmie informujemy, \u017ce Auto-Bednarczyk Sp.j. z siedzib\u0105 w Zabrzu (dalej: Auto Bednarczyk) przetwarza informacje ze \u017ar\u00f3de\u0142 prywatnych, baz prowadzonych lub danych przekazanych przez inne podmioty a tak\u017ce publicznych oraz og\u00f3lnodost\u0119pnych (w tym z Internetu), tworz\u0105c baz\u0119 danych. W\u015br\u00f3d tych informacji mog\u0105 pojawi\u0107 si\u0119 dane, kt\u00f3re na gruncie Rozporz\u0105dzenia Parlamentu Europejskiego i Rady Unii Europejskiej 2016\/679 z dnia 27 kwietnia 2016 r. w sprawie ochrony os\u00f3b fizycznych w zwi\u0105zku z przetwarzaniem danych osobowych i w sprawie swobodnego przep\u0142ywu takich danych oraz uchylenia dyrektywy 95\/46\/WE (dalej: RODO), maj\u0105 charakter danych osobowych.<\/p>\n<p style=\"text-align: justify;\">Zgodnie z obowi\u0105zuj\u0105cymi przepisami dotycz\u0105cymi ochrony danych osobowych, w szczeg\u00f3lno\u015bci z RODO, celem zapewnienia w\u0142a\u015bciwej ochrony danych osobowych, osobie, kt\u00f3rej dane dotycz\u0105, nale\u017cy przede wszystkim przekaza\u0107 informacje dotycz\u0105ce przetwarzania jej danych osobowych, okre\u015blone w art. 13 lub 14 RODO \u2013 w zale\u017cno\u015bci od tego, czy zosta\u0142y one pozyskane bezpo\u015brednio od osoby kt\u00f3rej dane dotycz\u0105, czy te\u017c z innych \u017ar\u00f3de\u0142.<\/p>\n<p style=\"text-align: justify;\">Ta informacja realizuje obowi\u0105zek prawny. Nie wymaga ona \u017cadnego Pa\u0144stwa dzia\u0142ania.<\/p>\n<p style=\"text-align: justify;\">W \u015bwietle powy\u017cszego, pragniemy poinformowa\u0107 Pa\u0144stwa, \u017ce:<br>&#8211; Administratorem Pa\u0144stwa danych osobowych (dalej: Administrator) jest Auto &#8211; Bednarczyk Sp.j. z siedzib\u0105 w Zabrzu, przy ul. Sikorskiego 118.<\/p>\n<p style=\"text-align: justify;\">Z Administratorem mo\u017cna si\u0119 kontaktowa\u0107 pisemnie, za pomoc\u0105 poczty tradycyjnej na adres:<br>ul. Sikorskiego 118, 41-800 Zabrze lub drog\u0105 e-mailow\u0105 pod adresem: info@autobednarczyk.com<\/p>\n<p style=\"text-align: justify;\">Administrator wyznaczy\u0142 Inspektora Ochrony Danych, z kt\u00f3rym mo\u017cna si\u0119 kontaktowa\u0107 pisemnie, za pomoc\u0105 poczty tradycyjnej na adres: ul. Sikorskiego 118, 41-800 Zabrze lub drog\u0105 e-mailow\u0105 pod adresem: iod@autobednarczyk.com<\/p>\n<p style=\"text-align: justify;\">Pa\u0144stwa dane osobowe s\u0105 przetwarzane, w zale\u017cno\u015bci od przypadku, na podstawie:<\/p>\n<ul>\n<li style=\"text-align: justify;\">art. 6 ust. 1 lit. a RODO tj. w oparciu o dane osoby, kt\u00f3ra wyrazi\u0142a zgod\u0119 na przetwarzanie swoich danych osobowych w jednym lub wi\u0119kszej liczbie okre\u015blonych cel\u00f3w: Zgoda dotyczy wykonania czynno\u015bci przetwarzania danych w zakresie, na jaki zosta\u0142a udzielona i jest zawierana w celach marketingowych i \u015bwiadczenia us\u0142ug drog\u0105 elektroniczn\u0105. Podanie danych osobowych jest dobrowolne, jednak\u017ce niepodanie danych oznacza brak mo\u017cliwo\u015bci realizacji celu, kt\u00f3rego zgoda dotyczy.<\/li>\n<li style=\"text-align: justify;\">art. 6 ust. 1 lit. b RODO tj. przetwarzanie jest niezb\u0119dne do wykonania umowy, kt\u00f3rej stron\u0105 jest osoba, kt\u00f3rej dane dotycz\u0105, lub do podj\u0119cia dzia\u0142a\u0144 na \u017c\u0105danie osoby, kt\u00f3rej dane dotycz\u0105, przed zawarciem umowy. Przetwarzanie danych odbywa si\u0119 w celu realizacji um\u00f3w. Podanie danych osobowych jest dobrowolne, jednak\u017ce niepodanie danych oznacza brak mo\u017cliwo\u015bci jej zawarcia.<\/li>\n<li style=\"text-align: justify;\">art. 6 ust. 1 lit. f RODO, tj. w oparciu o niezb\u0119dno\u015b\u0107 przetwarzania do cel\u00f3w wynikaj\u0105cych z prawnie uzasadnionych interes\u00f3w realizowanych przez Auto Bednarczyk lub przez stron\u0119 trzeci\u0105. Prawnie uzasadnione interesy realizowane przez Auto Bednarczyk polegaj\u0105 na oferowaniu klientom produkt\u00f3w, kampanii marketingowych, informowaniu klient\u00f3w o akcjach, kampaniach serwisowych og\u0142aszanych przez producent\u00f3w samochod\u00f3w.<\/li>\n<\/ul>\n<p style=\"text-align: justify;\"><br><\/p><p style=\"text-align: justify;\">Auto Bednarczyk przetwarza Pa\u0144stwa dane osobowe w zakresie, w jakim zosta\u0142a na to wyra\u017cona zgoda lub w jaki przewiduj\u0105 to warunki umowy. Ponadto przetwarza dane osobowe pochodz\u0105ce z baz prowadzonych lub danych przekazanych przez inne podmioty a tak\u017ce ze \u017ar\u00f3de\u0142 publicznie dost\u0119pnych, tj. m. in. z Rejestru Przedsi\u0119biorc\u00f3w Krajowego Rejestru S\u0105dowego (KRS), Centralnej Ewidencji i Informacji o Dzia\u0142alno\u015bci Gospodarczej (CEIDG), G\u0142\u00f3wnego Urz\u0119dy Statystycznego (GUS).<\/p>\n<p style=\"text-align: justify;\">Sp\u00f3\u0142ka nie przetwarza szczeg\u00f3lnych kategorii danych osobowych ani danych osobowych dotycz\u0105cych wyrok\u00f3w skazuj\u0105cych oraz narusze\u0144 prawa lub powi\u0105zanych \u015brodk\u00f3w bezpiecze\u0144stwa.<\/p>\n<p style=\"text-align: justify;\">Odbiorcami Pa\u0144stwa danych osobowych s\u0105 partnerzy Auto Bednarczyk prowadz\u0105cy dzia\u0142alno\u015b\u0107 gospodarcz\u0105 w obszarach:<\/p>\n<ul>\n<li style=\"text-align: justify;\">dzia\u0142alno\u015bci finansowej i ubezpieczeniowej,<\/li>\n<li style=\"text-align: justify;\">dzia\u0142alno\u015bci w zakresie us\u0142ug administrowania i dzia\u0142alno\u015bci wspieraj\u0105cej,<\/li>\n<li style=\"text-align: justify;\">dzia\u0142alno\u015bci sprzeda\u017cowej,<\/li>\n<li style=\"text-align: justify;\">podmioty uprawnione do uzyskania danych osobowych na podstawie przepis\u00f3w prawa lub podmioty wsp\u00f3\u0142pracuj\u0105ce w procesie reklamacji<\/li>\n<\/ul>\n<p style=\"text-align: justify;\"><br><\/p><p style=\"text-align: justify;\">Pa\u0144stwa dane osobowe b\u0119d\u0105 przez Auto Bednarczyk przetwarzane do:<\/p>\n<ul>\n<li style=\"text-align: justify;\">czasu odwo\u0142ania zgody o kt\u00f3rych mowa w pkt. 4 powy\u017cej<\/li>\n<li style=\"text-align: justify;\">realizacji zam\u00f3wienia przez okres 6 lat o kt\u00f3rym mowa w pkt. 4 powy\u017cej<\/li>\n<li style=\"text-align: justify;\">przez okres niezb\u0119dny dla realizacji prawnie uzasadnionych interes\u00f3w Sp\u00f3\u0142ki, o kt\u00f3rym mowa w pkt. 4 powy\u017cej.<\/li>\n<\/ul>\n<p style=\"text-align: justify;\"><br><\/p><p style=\"text-align: justify;\">W zwi\u0105zku z przetwarzaniem Pa\u0144stwa danych osobowych przys\u0142uguje Pani\/Panu prawo do:<\/p>\n<ul>\n<li style=\"text-align: justify;\">prawo do cofni\u0119cia zgody w dowolnym momencie bez wp\u0142ywu na zgodno\u015b\u0107 z prawem przetwarzania (je\u017celi przetwarzanie odbywa si\u0119 na podstawie zgody), kt\u00f3rego dokonano na podstawie zgody przed jej cofni\u0119ciem;<\/li>\n<li style=\"text-align: justify;\">\u017c\u0105dania od Auto Bednarczyk dost\u0119pu do Pa\u0144stwa danych osobowych,<\/li>\n<li style=\"text-align: justify;\">\u017c\u0105dania od Auto Bednarczyk sprostowania Pa\u0144stwa danych osobowych,<\/li>\n<li style=\"text-align: justify;\">\u017c\u0105dania od Auto Bednarczyk usuni\u0119cia Pa\u0144stwa danych osobowych,<\/li>\n<li style=\"text-align: justify;\">\u017c\u0105dania od Auto Bednarczyk ograniczenia przetwarzania Pa\u0144stwa danych osobowych,<\/li>\n<li style=\"text-align: justify;\">wniesienia sprzeciwu wobec przetwarzania Pa\u0144stwa danych osobowych,<\/li>\n<li style=\"text-align: justify;\">przenoszenia Pa\u0144stwa danych osobowych,<\/li>\n<li style=\"text-align: justify;\">wniesienia skargi do organu nadzorczego.<\/li>\n<\/ul>\n<p style=\"text-align: justify;\"><br><\/p><p style=\"text-align: justify;\">Z praw wskazanych powy\u017cej mo\u017cna skorzysta\u0107 poprzez:<\/p>\n<ul>\n<li style=\"text-align: justify;\">kontakt e-mailowy pod adresem: iod@autobednarczyk.com<\/li>\n<li style=\"text-align: justify;\">kontakt pisemny, za pomoc\u0105 poczty tradycyjnej na adres: ul. Sikorskiego 118, 41-809 Zabrze<\/li>\n<\/ul>\n<p style=\"text-align: justify;\"><br><\/p><p style=\"text-align: justify;\">Auto Bednarczyk mo\u017ce podejmowa\u0107, w oparciu o Pa\u0144stwa dane osobowe zautomatyzowane decyzje, w tym dokonywa\u0107 na potrzeby marketingu profilowania, o kt\u00f3rym mowa w art. 22 ust. 1 i 4 RODO. Profilowanie Pa\u0144stwa danych osobowych nie b\u0119dzie wywo\u0142ywa\u0142o \u017cadnych skutk\u00f3w prawnych lub w podobny spos\u00f3b istotnie wp\u0142ywa\u0107 na Pa\u0144stwa sytuacj\u0119. Maj\u0105 Pa\u0144stwo prawo wnie\u015b\u0107 sprzeciw wobec takiego sposobu przetwarzania Pa\u0144stwa danych osobowych.<\/p>\n<p style=\"text-align: justify;\">Administrator dok\u0142ada wszelkich stara\u0144, aby zapewni\u0107 wszelkie \u015brodki fizycznej, technicznej i organizacyjnej ochrony danych osobowych przed ich przypadkowym czy umy\u015blnym zniszczeniem, przypadkow\u0105 utrat\u0105, zmian\u0105, nieuprawnionym ujawnieniem, wykorzystaniem czy dost\u0119pem, zgodnie ze wszystkimi obowi\u0105zuj\u0105cymi przepisami.<\/p>\n<p style=\"text-align: justify;\">Pa\u0144stwa dane osobowe s\u0105 przetwarzane elektronicznie i r\u0119cznie, zgodnie z metodami i procedurami zwi\u0105zanymi z celami przetwarzania, o kt\u00f3rych mowa w pkt. 3 powy\u017cej.<\/p>\n<p style=\"text-align: justify;\">Z powa\u017caniem<\/p>\n<p style=\"text-align: justify;\">Auto Bednarczyk<\/p>\t\t\t\t\t\t\t\t<\/div>\n\t\t\t\t\t<\/div>\n\t\t<\/div>\n\t\t\t\t\t<\/div>\n\t\t<\/section>\n\t\t\t\t\t<\/div>\n\t\t<\/div>\n\t\t\t\t\t<\/div>\n\t\t<\/section>\n\t\t\t\t<\/div>\n\t\t","protected":false},"excerpt":{"rendered":"<p>INFORMACJA O PRZETWARZANIU DANYCH OSOBOWYCH Szanowni Pa\u0144stwo, uprzejmie informujemy, \u017ce Auto-Bednarczyk Sp.j. z siedzib\u0105 w Zabrzu (dalej: Auto Bednarczyk) przetwarza informacje ze \u017ar\u00f3de\u0142 prywatnych, baz prowadzonych lub danych przekazanych przez inne podmioty a tak\u017ce publicznych oraz og\u00f3lnodost\u0119pnych (w tym z Internetu), tworz\u0105c baz\u0119 danych. W\u015br\u00f3d tych informacji mog\u0105 pojawi\u0107 si\u0119 dane, kt\u00f3re na gruncie Rozporz\u0105dzenia&#8230;<\/p>\n","protected":false},"author":1,"featured_media":0,"parent":0,"menu_order":0,"comment_status":"closed","ping_status":"closed","template":"","meta":{"footnotes":""},"class_list":["post-3410","page","type-page","status-publish","hentry"],"_links":{"self":[{"href":"https:\/\/www.autobednarczyk.com\/index.php\/wp-json\/wp\/v2\/pages\/3410","targetHints":{"allow":["GET"]}}],"collection":[{"href":"https:\/\/www.autobednarczyk.com\/index.php\/wp-json\/wp\/v2\/pages"}],"about":[{"href":"https:\/\/www.autobednarczyk.com\/index.php\/wp-json\/wp\/v2\/types\/page"}],"author":[{"embeddable":true,"href":"https:\/\/www.autobednarczyk.com\/index.php\/wp-json\/wp\/v2\/users\/1"}],"replies":[{"embeddable":true,"href":"https:\/\/www.autobednarczyk.com\/index.php\/wp-json\/wp\/v2\/comments?post=3410"}],"version-history":[{"count":13,"href":"https:\/\/www.autobednarczyk.com\/index.php\/wp-json\/wp\/v2\/pages\/3410\/revisions"}],"predecessor-version":[{"id":3496,"href":"https:\/\/www.autobednarczyk.com\/index.php\/wp-json\/wp\/v2\/pages\/3410\/revisions\/3496"}],"wp:attachment":[{"href":"https:\/\/www.autobednarczyk.com\/index.php\/wp-json\/wp\/v2\/media?parent=3410"}],"curies":[{"name":"wp","href":"https:\/\/api.w.org\/{rel}","templated":true}]}}