{"id":3485,"date":"2025-07-12T23:02:57","date_gmt":"2025-07-12T21:02:57","guid":{"rendered":"https:\/\/www.autobednarczyk.com\/?page_id=3485"},"modified":"2025-07-12T23:02:59","modified_gmt":"2025-07-12T21:02:59","slug":"polityka-prywatnosci-2","status":"publish","type":"page","link":"https:\/\/www.autobednarczyk.com\/index.php\/polityka-prywatnosci-2\/","title":{"rendered":"Polityka prywatno\u015bci"},"content":{"rendered":"\t\t<div data-elementor-type=\"wp-page\" data-elementor-id=\"3485\" class=\"elementor elementor-3485\">\n\t\t\t\t\t\t<section class=\"elementor-section elementor-top-section elementor-element elementor-element-9cdc550 elementor-section-boxed elementor-section-height-default elementor-section-height-default\" data-id=\"9cdc550\" data-element_type=\"section\">\n\t\t\t\t\t\t<div class=\"elementor-container elementor-column-gap-default\">\n\t\t\t\t\t<div class=\"elementor-column elementor-col-100 elementor-top-column elementor-element elementor-element-ddd3180\" data-id=\"ddd3180\" data-element_type=\"column\">\n\t\t\t<div class=\"elementor-widget-wrap elementor-element-populated\">\n\t\t\t\t\t\t<div class=\"elementor-element elementor-element-8d4f66a elementor-widget elementor-widget-heading\" data-id=\"8d4f66a\" data-element_type=\"widget\" data-widget_type=\"heading.default\">\n\t\t\t\t\t<h2 class=\"elementor-heading-title elementor-size-default\">Polityka prywatno\u015bci<\/h2>\t\t\t\t<\/div>\n\t\t\t\t<div class=\"elementor-element elementor-element-8b52525 elementor-widget elementor-widget-stm-colored-separator\" data-id=\"8b52525\" data-element_type=\"widget\" data-widget_type=\"stm-colored-separator.default\">\n\t\t\t\t<div class=\"elementor-widget-container\">\n\t\t\t\t\t<div class=\"colored-separator\" style=\"text-align: center;\">\r\n\t\t\t<div class=\"first-long stm-base-background-color\"><\/div>\r\n\t\t<div class=\"last-short stm-base-background-color\"><\/div>\r\n\t<\/div>\r\n\t\t\t\t<\/div>\n\t\t\t\t<\/div>\n\t\t\t\t<section class=\"elementor-section elementor-inner-section elementor-element elementor-element-9421f67 elementor-section-boxed elementor-section-height-default elementor-section-height-default\" data-id=\"9421f67\" data-element_type=\"section\">\n\t\t\t\t\t\t<div class=\"elementor-container elementor-column-gap-default\">\n\t\t\t\t\t<div class=\"elementor-column elementor-col-100 elementor-inner-column elementor-element elementor-element-b66ed5a\" data-id=\"b66ed5a\" data-element_type=\"column\">\n\t\t\t<div class=\"elementor-widget-wrap elementor-element-populated\">\n\t\t\t\t\t\t<div class=\"elementor-element elementor-element-a065aad elementor-widget elementor-widget-text-editor\" data-id=\"a065aad\" data-element_type=\"widget\" data-widget_type=\"text-editor.default\">\n\t\t\t\t\t\t\t\t\t<p style=\"text-align: justify;\">Polityka prywatno\u015bci serwisu skierowana jest do os\u00f3b z niego korzystaj\u0105cych, zwanych dalej U\u017cytkownikami. Prezentuje zakres danych dotycz\u0105cych osobistej identyfikacji U\u017cytkownika, kt\u00f3re gromadzi w\u0142a\u015bciciel serwisu oraz mechanizmy zapewniaj\u0105ce jego prywatno\u015b\u0107 (wynik\u0142e z przepis\u00f3w prawa). Polityka prywatno\u015bci stanowi tak\u017ce wype\u0142nienie obowi\u0105zku informacyjnego w stosunku do osoby kt\u00f3rej dane dotycz\u0105 (U\u017cytkownika).<\/p><p style=\"text-align: justify;\">1. Dane gromadzone przez w\u0142a\u015bciciela serwisu:<\/p><ul><li style=\"text-align: justify;\">adresy IP U\u017cytkownika<\/li><li style=\"text-align: justify;\">cookies (tzw. ciasteczka)<\/li><li style=\"text-align: justify;\">informacja o przegl\u0105darce u\u017cytkownika<\/li><li style=\"text-align: justify;\">email<\/li><li style=\"text-align: justify;\">imi\u0119 i nazwisko<\/li><li style=\"text-align: justify;\">nr telefonu<\/li><\/ul><p style=\"text-align: justify;\">2. Spos\u00f3b zbierania danych<br \/>Dane U\u017cytkownik\u00f3w s\u0105 zbierane automatycznie przez serwer.<\/p><p style=\"text-align: justify;\">3. Spos\u00f3b wykorzystania danych<br \/>Dane U\u017cytkownik\u00f3w wykorzystane s\u0105 do cel\u00f3w administrowania serwisem, statystyki odwiedzin serwisu, zarz\u0105dzania tre\u015bci\u0105 serwisu, utrzymaniem kontaktu z U\u017cytkownikami. Dane U\u017cytkownik\u00f3w nie s\u0105 udost\u0119pniane innym podmiotom, z wy\u0142\u0105czeniem podmiot\u00f3w upowa\u017cnionych na podstawie przepis\u00f3w prawa.<\/p><p style=\"text-align: justify;\">4. Dokonywanie zmian w danych osobowych U\u017cytkownika<br \/>Twoje dane osobowe s\u0105 przetwarzane i przechowywane przez okres niezb\u0119dny dla wykonania umowy, a po tym okresie dla cel\u00f3w i przez czas oraz w zakresie wymaganym przez przepisy prawa lub dla zabezpieczenia ewentualnych roszcze\u0144, lub do czasu cofni\u0119cia udzielonej zgody je\u015bli podstaw\u0119 przetwarzania stanowi\u0142a udzielona nam przez Ciebie zgoda.<\/p><p style=\"text-align: justify;\">Okres przetwarzania danych mo\u017ce by\u0107 przed\u0142u\u017cony w przypadku, gdy przetwarzanie jest niezb\u0119dne do ustalenia, dochodzenia lub obrony przed ewentualnymi roszczeniami, a tak\u017ce na \u017c\u0105danie kompetentnych organ\u00f3w w\u0142adzy publicznej, a po tym okresie, jedynie w przypadku i w zakresie, w jakim b\u0119d\u0105 wymaga\u0107 tego przepisy prawa.<\/p><p style=\"text-align: justify;\">Po up\u0142ywie okresu przetwarzania, dane s\u0105 nieodwracalnie usuwane lub nieodwracalnie anonimizowane.<\/p><p style=\"text-align: justify;\">5. Obowi\u0105zek informacyjny<br \/>Zgodnie z art. 13 og\u00f3lnego rozporz\u0105dzenia o ochronie danych osobowych z dnia 27 kwietnia 2016 r. (Dz. Urz. UE L 119 z 04.05.2016) informuj\u0119, i\u017c:<\/p><ol><li style=\"text-align: justify;\">administratorem Pani\/Pana danych osobowych jest Auto-Bednarczyk Sp.j. z siedzib\u0105 w Zabrzu, ul. Sikorskiego 118.<\/li><li style=\"text-align: justify;\">Pani\/Pana dane osobowe przetwarzane b\u0119d\u0105 w celach administrowania serwisem, statystyki odwiedzin serwisu, zarz\u0105dzania tre\u015bci\u0105 serwisu, utrzymaniem kontaktu z U\u017cytkownikami \u2013 na podstawie Art. 6 ust. 1 lit. f og\u00f3lnego rozporz\u0105dzenia o ochronie danych osobowych z dnia 27 kwietnia 2016 r.<\/li><li style=\"text-align: justify;\">odbiorcami Pani\/Pana danych osobowych b\u0119d\u0105 wy\u0142\u0105cznie podmioty uprawnione do uzyskania danych osobowych na podstawie przepis\u00f3w prawa oraz podmioty uczestnicz\u0105ce w realizacji us\u0142ug<\/li><li style=\"text-align: justify;\">posiada Pani\/Pan prawo do \u017c\u0105dania od administratora dost\u0119pu do danych osobowych, prawo do ich sprostowania, usuni\u0119cia lub ograniczenia przetwarzania<\/li><li style=\"text-align: justify;\">ma Pani\/Pan prawo wniesienia skargi do organu nadzorczego<\/li><li style=\"text-align: justify;\">podanie danych osobowych jest dobrowolne, jednak\u017ce odmowa podania danych mo\u017ce skutkowa\u0107 odmow\u0105 realizacji us\u0142ug<\/li><li style=\"text-align: justify;\">kontakt z Inspektorem Ochrony Danych iod@autobednarczyk.com<\/li><\/ol><p style=\"text-align: justify;\">\u00a0<\/p><p style=\"text-align: justify;\">6. Polityka korzystania przez serwis z plik\u00f3w cookies (ciasteczek):<\/p><ol><li style=\"text-align: justify;\">Pliki cookies (tzw. ciasteczka) stanowi\u0105 dane informatyczne, w szczeg\u00f3lno\u015bci pliki tekstowe, kt\u00f3re przechowywane s\u0105 w urz\u0105dzeniu ko\u0144cowym U\u017cytkownika Serwisu i przeznaczone s\u0105 do korzystania ze stron internetowych Serwisu. Cookies zazwyczaj zawieraj\u0105 nazw\u0119 strony internetowej, z kt\u00f3rej pochodz\u0105, czas przechowywania ich na urz\u0105dzeniu ko\u0144cowym oraz unikalny numer.<\/li><li style=\"text-align: justify;\">Podmiotem zamieszczaj\u0105cym na urz\u0105dzeniu ko\u0144cowym U\u017cytkownika Serwisu pliki cookies oraz uzyskuj\u0105cym do nich dost\u0119p jest w\u0142a\u015bciciel serwisu<\/li><li style=\"text-align: justify;\">Mechanizm cookies nie jest wykorzystywany do pozyskiwania jakichkolwiek informacji o u\u017cytkownikach serwisu ani \u015bledzenia ich nawigacji. Pliki Cookies stosowane w serwisie nie przechowuje \u017cadnych danych osobowych ani innych informacji zebranych od u\u017cytkownik\u00f3w i s\u0142u\u017c\u0105 do cel\u00f3w statystycznych.<\/li><li style=\"text-align: justify;\">Domy\u015blnie oprogramowanie s\u0142u\u017c\u0105ce do przegl\u0105dania stron internetowych (przegl\u0105darka) zezwala na obs\u0142ug\u0119 plik\u00f3w cookies na urz\u0105dzeniu U\u017cytkownika na kt\u00f3rym jest uruchomiona. W wi\u0119kszo\u015bci przypadk\u00f3w oprogramowanie w tym zakresie mo\u017cna skonfigurowa\u0107 samodzielnie w tym mi\u0119dzy innymi wymusi\u0107 automatyczne blokownie plik\u00f3w cookies. Kwestie zwi\u0105zane z konfiguracj\u0105 sposobu obs\u0142ugi plik\u00f3w cookies znajduj\u0105 si\u0119 w ustawieniach oprogramowania (przegl\u0105darki internetowe). Nale\u017cy mie\u0107 na uwadze, \u017ce ustawienia ogranicze\u0144 w stosunku do obs\u0142ugi plik\u00f3w cookies mog\u0105 mie\u0107 wp\u0142yw na dzia\u0142anie niekt\u00f3rych funkcjonalno\u015bci serwisu.<\/li><li style=\"text-align: justify;\">Pliki cookies wykorzystywane s\u0105 w celu dostosowania zawarto\u015bci stron internetowych Serwisu do preferencji U\u017cytkownika oraz optymalizacji korzystania ze stron internetowych; w szczeg\u00f3lno\u015bci pliki te pozwalaj\u0105 rozpozna\u0107 urz\u0105dzenie U\u017cytkownika Serwisu i odpowiednio wy\u015bwietli\u0107 stron\u0119 internetow\u0105, dostosowan\u0105 do jego indywidualnych potrzeb; tworzenia statystyk, kt\u00f3re pomagaj\u0105 zrozumie\u0107, w jaki spos\u00f3b U\u017cytkownicy Serwisu korzystaj\u0105 ze stron internetowych, co umo\u017cliwia ulepszanie ich struktury i zawarto\u015bci;<\/li><li style=\"text-align: justify;\">W ramach Serwisu stosowane s\u0105 dwa zasadnicze rodzaje plik\u00f3w cookies: sesyjne (session cookies) oraz sta\u0142e (persistent cookies). Cookies sesyjne s\u0105 plikami tymczasowymi, kt\u00f3re przechowywane s\u0105 w urz\u0105dzeniu ko\u0144cowym U\u017cytkownika do czasu wylogowania, opuszczenia strony internetowej lub wy\u0142\u0105czenia oprogramowania (przegl\u0105darki internetowej). Sta\u0142e pliki cookies przechowywane s\u0105 w urz\u0105dzeniu ko\u0144cowym U\u017cytkownika przez czas okre\u015blony w parametrach plik\u00f3w cookies lub do czasu ich usuni\u0119cia przez U\u017cytkownika.<\/li><li style=\"text-align: justify;\">W ramach Serwisu stosowane s\u0105 nast\u0119puj\u0105ce rodzaje plik\u00f3w cookies:<\/li><\/ol><ul><li style=\"text-align: justify;\">niezb\u0119dne pliki cookies, umo\u017cliwiaj\u0105ce korzystanie z us\u0142ug dost\u0119pnych w ramach Serwisu, np. uwierzytelniaj\u0105ce pliki cookies wykorzystywane do us\u0142ug wymagaj\u0105cych uwierzytelniania w ramach Serwisu;<\/li><li style=\"text-align: justify;\">pliki cookies s\u0142u\u017c\u0105ce do zapewnienia bezpiecze\u0144stwa, np. wykorzystywane do wykrywania nadu\u017cy\u0107 w zakresie uwierzytelniania w ramach Serwisu; wydajno\u015bciowe pliki cookies, umo\u017cliwiaj\u0105ce zbieranie informacji o sposobie korzystania ze stron internetowych Serwisu;<\/li><li style=\"text-align: justify;\">funkcjonalne pliki cookies, umo\u017cliwiaj\u0105ce zapami\u0119tanie wybranych przez U\u017cytkownika ustawie\u0144 i personalizacj\u0119 interfejsu U\u017cytkownika, np. w zakresie wybranego j\u0119zyka lub regionu, z kt\u00f3rego pochodzi U\u017cytkownik, rozmiaru czcionki, wygl\u0105du strony internetowej itp.;<\/li><\/ul><p style=\"text-align: justify;\">\u00a0<\/p><p style=\"text-align: justify;\">7. Odno\u015bniki do innych stron umieszczonych na stronie serwisu<br \/>W\u0142a\u015bciciel serwisu informuje, \u017ce serwis zawiera odno\u015bniki do innych stron WWW. W\u0142a\u015bciciel serwisu zaleca zapoznanie si\u0119 politykami prywatno\u015bci tam obowi\u0105zuj\u0105cymi, gdy\u017c nie ponosi za nie odpowiedzialno\u015bci.<\/p><p style=\"text-align: justify;\">8. Formularze kontaktowe<br \/>Dane uzupe\u0142nione i wys\u0142ane z poziomu formularza kontaktowego w zak\u0142adce Kontakt oraz w og\u0142oszeniach samochod\u00f3w (Samochody nowe i Samochody u\u017cywane) s\u0142u\u017c\u0105 do kontaktu z u\u017cytkownikiem, udzielenia odpowiedzi u\u017cytkownikowi na jego zapytanie, przekazania oferty u\u017cytkownikowi na jego pro\u015bb\u0119, zrealizowania us\u0142ugi lub sprzeda\u017cy produktu u\u017cytkownikowi, je\u015bli wyrazi\u0142 tak\u0105 wol\u0119. Dane u\u017cytkownika mog\u0105 zosta\u0107 wykorzystane przez Auto-Bednarczyk Sp.j., celem przedstawienia mu oferty na us\u0142ugi i produkty realizowane przez Auto-Bednarczyk Sp.j. z siedzib\u0105 w Zabrzu.<\/p><p style=\"text-align: justify;\">9. Osadzone tre\u015bci z innych witryn<br \/>Na stronie internetowej aktywne jest narz\u0119dzie analityczne Piksel Facebook (piksel), kt\u00f3re pomaga mierzy\u0107 skuteczno\u015b\u0107 reklam na podstawie analizy dzia\u0142a\u0144 podejmowanych przez u\u017cytkownik\u00f3w w witrynie udost\u0119pnione przez Facebook Ireland Limited z siedzib\u0105 w Irlandii, 4 Grand Canal Square, Grand Canal Harbour, Dublin 2 (Facebook). Dane z piksela mog\u0105 by\u0107 wykorzystane w zakresie emisji reklam w\u015br\u00f3d w\u0142a\u015bciwej grupy odbiorc\u00f3w, tworzenia grup odbiorc\u00f3w reklam, czy te\u017c u\u017cywania innych narz\u0119dzi reklamowych udost\u0119pnionych przez Facebook.<\/p><p style=\"text-align: justify;\">10. Zabezpieczenie danych u\u017cytkownik\u00f3w w Serwisie<br \/>Opis \u015brodk\u00f3w technicznych i organizacyjnych zabezpieczaj\u0105cych zawarty jest Polityce Bezpiecze\u0144stwa (ochrony danych osobowych) w\u0142a\u015bciciela serwisu. W szczeg\u00f3lno\u015bci stosowane s\u0105 nast\u0119puj\u0105ce zabezpieczenia:<br \/>a) Dane pobierane automatycznie przez serwer s\u0105 zabezpieczone poprzez mechanizm uwierzytelniania dost\u0119pu do serwisu<br \/>b) Dane pobierane od u\u017cytkownik\u00f3w podczas procesu rejestracji s\u0105 zabezpieczone protoko\u0142em SSL oraz poprzez mechanizm uwierzytelniania dost\u0119pu do serwisu<br \/>c) dost\u0119p do administrowania serwisem odbywa si\u0119 z zastosowaniem mechanizmu uwierzytelniania<\/p><p style=\"text-align: justify;\">11. Mechanizm statystyk<br \/>Na stronie zainstalowane jest oprogramowanie do tworzenia statystyk jego odwiedzalno\u015bci Google Analytics, us\u0142ugi analizy ogl\u0105dalno\u015bci stron internetowych udost\u0119pnianej przez Google LLC z siedzib\u0105 w Stanach Zjednoczonych, 1600 Amphitheatre Parkway, Mountain View, CA 94043 (Google). Statystyki zbieraj\u0105 informacje o rozdzielczo\u015bci ekranu, g\u0142\u0119bi kolor\u00f3w, zainstalowanej wersji Flasha i JavaScriptu, fizycznym po\u0142o\u017ceniu u\u017cytkownik\u00f3w, plik\u00f3w cookies. Informacje generowane przez cookies na temat korzystania ze strony internetowej przez u\u017cytkownika (w\u0142\u0105cznie z jego adresem IP) s\u0105 przekazywane sp\u00f3\u0142ce Google, kt\u00f3ra przechowuje je na swoich serwerach. Google b\u0119dzie korzysta\u0142a z tych informacji w celu oceny korzystania ze strony internetowej przez u\u017cytkownika, tworzenia raport\u00f3w dotycz\u0105cych ruchu na stronach dla operator\u00f3w witryn oraz \u015bwiadczenia innych us\u0142ug zwi\u0105zanych z ruchem na stronach internetowych i korzystaniem z internetu. Google mo\u017ce r\u00f3wnie\u017c przekazywa\u0107 te informacje osobom trzecim, je\u017celi b\u0119dzie zobowi\u0105zana to uczyni\u0107 na podstawie przepis\u00f3w prawa lub w przypadku, gdy osoby te przetwarzaj\u0105 takie informacje w imieniu Google. U\u017cytkownik mo\u017ce zrezygnowa\u0107 z przekazywanie do Google informacji opisanych powy\u017cej poprzez wybranie odpowiednich ustawie\u0144 w przegl\u0105darce internetowej, jednak nale\u017cy pami\u0119ta\u0107, \u017ce w takim przypadku korzystanie z wszystkich funkcji strony internetowej Auto-Bednarczyk Sp.j. z siedzib\u0105 w Zabrzu mo\u017ce okaza\u0107 si\u0119 utrudnione.<\/p><p style=\"text-align: justify;\">Informacja o tym jak Google korzysta z plik\u00f3w cookies jest dost\u0119pna pod adresem: http:\/\/policies.google.com\/technologies\/cookieshl=pl, za\u015b pe\u0142na tre\u015b\u0107 polityki prywatno\u015bci stosowanej przez Google znajduje si\u0119 pod adresem: http:\/\/policies.google.com\/privacyhl=pl.<\/p><p style=\"text-align: justify;\">12. Informacje dotycz\u0105ce zmian w polityce prywatno\u015bci<br \/>W przypadku zmiany obowi\u0105zuj\u0105cej polityki prywatno\u015bci, wprowadzone zostan\u0105 odpowiednie modyfikacje w tre\u015bci polityki prywatno\u015bci.<\/p>\t\t\t\t\t\t\t\t<\/div>\n\t\t\t\t\t<\/div>\n\t\t<\/div>\n\t\t\t\t\t<\/div>\n\t\t<\/section>\n\t\t\t\t\t<\/div>\n\t\t<\/div>\n\t\t\t\t\t<\/div>\n\t\t<\/section>\n\t\t\t\t<\/div>\n\t\t","protected":false},"excerpt":{"rendered":"<p>Polityka prywatno\u015bci Polityka prywatno\u015bci serwisu skierowana jest do os\u00f3b z niego korzystaj\u0105cych, zwanych dalej U\u017cytkownikami. Prezentuje zakres danych dotycz\u0105cych osobistej identyfikacji U\u017cytkownika, kt\u00f3re gromadzi w\u0142a\u015bciciel serwisu oraz mechanizmy zapewniaj\u0105ce jego prywatno\u015b\u0107 (wynik\u0142e z przepis\u00f3w prawa). Polityka prywatno\u015bci stanowi tak\u017ce wype\u0142nienie obowi\u0105zku informacyjnego w stosunku do osoby kt\u00f3rej dane dotycz\u0105 (U\u017cytkownika). 1. Dane gromadzone przez w\u0142a\u015bciciela&#8230;<\/p>\n","protected":false},"author":1,"featured_media":0,"parent":0,"menu_order":0,"comment_status":"closed","ping_status":"closed","template":"","meta":{"footnotes":""},"class_list":["post-3485","page","type-page","status-publish","hentry"],"_links":{"self":[{"href":"https:\/\/www.autobednarczyk.com\/index.php\/wp-json\/wp\/v2\/pages\/3485","targetHints":{"allow":["GET"]}}],"collection":[{"href":"https:\/\/www.autobednarczyk.com\/index.php\/wp-json\/wp\/v2\/pages"}],"about":[{"href":"https:\/\/www.autobednarczyk.com\/index.php\/wp-json\/wp\/v2\/types\/page"}],"author":[{"embeddable":true,"href":"https:\/\/www.autobednarczyk.com\/index.php\/wp-json\/wp\/v2\/users\/1"}],"replies":[{"embeddable":true,"href":"https:\/\/www.autobednarczyk.com\/index.php\/wp-json\/wp\/v2\/comments?post=3485"}],"version-history":[{"count":7,"href":"https:\/\/www.autobednarczyk.com\/index.php\/wp-json\/wp\/v2\/pages\/3485\/revisions"}],"predecessor-version":[{"id":3492,"href":"https:\/\/www.autobednarczyk.com\/index.php\/wp-json\/wp\/v2\/pages\/3485\/revisions\/3492"}],"wp:attachment":[{"href":"https:\/\/www.autobednarczyk.com\/index.php\/wp-json\/wp\/v2\/media?parent=3485"}],"curies":[{"name":"wp","href":"https:\/\/api.w.org\/{rel}","templated":true}]}}