{"id":3554,"date":"2025-07-13T01:47:21","date_gmt":"2025-07-12T23:47:21","guid":{"rendered":"https:\/\/www.autobednarczyk.com\/?page_id=3554"},"modified":"2025-07-18T22:43:53","modified_gmt":"2025-07-18T20:43:53","slug":"serwis-mechaniczny","status":"publish","type":"page","link":"https:\/\/www.autobednarczyk.com\/index.php\/serwis-mechaniczny\/","title":{"rendered":"Serwis mechaniczny"},"content":{"rendered":"\t\t<div data-elementor-type=\"wp-page\" data-elementor-id=\"3554\" class=\"elementor elementor-3554\">\n\t\t\t\t\t\t<section class=\"elementor-section elementor-top-section elementor-element elementor-element-0313def elementor-section-boxed elementor-section-height-default elementor-section-height-default\" data-id=\"0313def\" data-element_type=\"section\">\n\t\t\t\t\t\t<div class=\"elementor-container elementor-column-gap-default\">\n\t\t\t\t\t<div class=\"elementor-column elementor-col-66 elementor-top-column elementor-element elementor-element-5113fef\" data-id=\"5113fef\" data-element_type=\"column\">\n\t\t\t<div class=\"elementor-widget-wrap elementor-element-populated\">\n\t\t\t\t\t\t<div class=\"elementor-element elementor-element-25ae8d5 elementor-widget elementor-widget-text-editor\" data-id=\"25ae8d5\" data-element_type=\"widget\" data-widget_type=\"text-editor.default\">\n\t\t\t\t\t\t\t\t\t<h2><span style=\"color: #cc6119;\">Serwis<\/span> mechaniczny<\/h2>\t\t\t\t\t\t\t\t<\/div>\n\t\t\t\t<div class=\"elementor-element elementor-element-4ff29a5 elementor-widget elementor-widget-text-editor\" data-id=\"4ff29a5\" data-element_type=\"widget\" data-widget_type=\"text-editor.default\">\n\t\t\t\t\t\t\t\t\t<span style=\"color: #232628;\">Zapraszamy do korzystania z us\u0142ug naszej autoryzowanej stacji serwisowej samochod\u00f3w marki Hyundai. Oferujemy Pa\u0144stwu:<\/span>\t\t\t\t\t\t\t\t<\/div>\n\t\t\t\t<div class=\"elementor-element elementor-element-29f9f7a elementor-widget elementor-widget-text-editor\" data-id=\"29f9f7a\" data-element_type=\"widget\" data-widget_type=\"text-editor.default\">\n\t\t\t\t\t\t\t\t\t<h4 style=\"text-align: left;\">Nasze us\u0142ugi:<\/h4>\t\t\t\t\t\t\t\t<\/div>\n\t\t\t\t<section class=\"elementor-section elementor-inner-section elementor-element elementor-element-45785fe elementor-section-boxed elementor-section-height-default elementor-section-height-default\" data-id=\"45785fe\" data-element_type=\"section\">\n\t\t\t\t\t\t<div class=\"elementor-container elementor-column-gap-default\">\n\t\t\t\t\t<div class=\"elementor-column elementor-col-50 elementor-inner-column elementor-element elementor-element-81fbb13\" data-id=\"81fbb13\" data-element_type=\"column\">\n\t\t\t<div class=\"elementor-widget-wrap elementor-element-populated\">\n\t\t\t\t\t\t<div class=\"elementor-element elementor-element-f9441c7 elementor-widget elementor-widget-text-editor\" data-id=\"f9441c7\" data-element_type=\"widget\" data-widget_type=\"text-editor.default\">\n\t\t\t\t\t\t\t\t\t<ul class=\"list-style-1\"><li>serwis gwarancyjny i pogwarancyjny w zakresie napraw mechanicznych<\/li><li>serwis ogumienia<\/li><li>naprawy blacharsko lakiernicze<\/li><\/ul>\t\t\t\t\t\t\t\t<\/div>\n\t\t\t\t\t<\/div>\n\t\t<\/div>\n\t\t\t\t<div class=\"elementor-column elementor-col-50 elementor-inner-column elementor-element elementor-element-7b7af37\" data-id=\"7b7af37\" data-element_type=\"column\">\n\t\t\t<div class=\"elementor-widget-wrap elementor-element-populated\">\n\t\t\t\t\t\t<div class=\"elementor-element elementor-element-3b9cdcc elementor-widget elementor-widget-text-editor\" data-id=\"3b9cdcc\" data-element_type=\"widget\" data-widget_type=\"text-editor.default\">\n\t\t\t\t\t\t\t\t\t<ul class=\"list-style-1\"><li>pomoc drogowa tel: 601 226 461 lub 601 482 323<\/li><li>sprzeda\u017c pe\u0142nej gamy cz\u0119\u015bci zamiennych i akcesori\u00f3w samochodowych<\/li><\/ul>\t\t\t\t\t\t\t\t<\/div>\n\t\t\t\t\t<\/div>\n\t\t<\/div>\n\t\t\t\t\t<\/div>\n\t\t<\/section>\n\t\t\t\t<div class=\"elementor-element elementor-element-ef6dffc elementor-widget elementor-widget-image\" data-id=\"ef6dffc\" data-element_type=\"widget\" data-widget_type=\"image.default\">\n\t\t\t\t\t\t\t\t\t\t\t\t\t\t\t<img decoding=\"async\" width=\"245\" height=\"115\" src=\"https:\/\/www.autobednarczyk.com\/wp-content\/uploads\/2025\/07\/pomoc-drogowa.jpg\" class=\"attachment-large size-large wp-image-3710\" alt=\"\" \/>\t\t\t\t\t\t\t\t\t\t\t\t\t\t\t<\/div>\n\t\t\t\t\t<\/div>\n\t\t<\/div>\n\t\t\t\t<div class=\"elementor-column elementor-col-33 elementor-top-column elementor-element elementor-element-e1a9776 elementor-hidden-tablet elementor-hidden-mobile\" data-id=\"e1a9776\" data-element_type=\"column\">\n\t\t\t<div class=\"elementor-widget-wrap elementor-element-populated\">\n\t\t\t\t\t\t<div class=\"elementor-element elementor-element-9903e2d elementor-widget elementor-widget-image\" data-id=\"9903e2d\" data-element_type=\"widget\" data-widget_type=\"image.default\">\n\t\t\t\t\t\t\t\t\t\t\t\t\t\t\t<img fetchpriority=\"high\" decoding=\"async\" width=\"400\" height=\"267\" src=\"https:\/\/www.autobednarczyk.com\/wp-content\/uploads\/2025\/07\/serwis.jpg\" class=\"attachment-large size-large wp-image-3691\" alt=\"\" srcset=\"https:\/\/www.autobednarczyk.com\/wp-content\/uploads\/2025\/07\/serwis.jpg 400w, https:\/\/www.autobednarczyk.com\/wp-content\/uploads\/2025\/07\/serwis-300x200.jpg 300w, https:\/\/www.autobednarczyk.com\/wp-content\/uploads\/2025\/07\/serwis-255x170.jpg 255w, https:\/\/www.autobednarczyk.com\/wp-content\/uploads\/2025\/07\/serwis-280x187.jpg 280w, https:\/\/www.autobednarczyk.com\/wp-content\/uploads\/2025\/07\/serwis-350x234.jpg 350w, https:\/\/www.autobednarczyk.com\/wp-content\/uploads\/2025\/07\/serwis-398x266.jpg 398w, https:\/\/www.autobednarczyk.com\/wp-content\/uploads\/2025\/07\/serwis-327x218.jpg 327w\" sizes=\"(max-width: 400px) 100vw, 400px\" \/>\t\t\t\t\t\t\t\t\t\t\t\t\t\t\t<\/div>\n\t\t\t\t\t<\/div>\n\t\t<\/div>\n\t\t\t\t\t<\/div>\n\t\t<\/section>\n\t\t\t\t<section class=\"elementor-section elementor-top-section elementor-element elementor-element-d928e25 elementor-section-full_width elementor-section-stretched elementor-section-height-default elementor-section-height-default\" data-id=\"d928e25\" data-element_type=\"section\" data-settings=\"{&quot;stretch_section&quot;:&quot;section-stretched&quot;,&quot;background_background&quot;:&quot;classic&quot;}\">\n\t\t\t\t\t\t<div class=\"elementor-container elementor-column-gap-default\">\n\t\t\t\t\t<div class=\"elementor-column elementor-col-100 elementor-top-column elementor-element elementor-element-e50a5f9\" data-id=\"e50a5f9\" data-element_type=\"column\" data-settings=\"{&quot;background_background&quot;:&quot;classic&quot;}\">\n\t\t\t<div class=\"elementor-widget-wrap elementor-element-populated\">\n\t\t\t\t\t\t<section class=\"elementor-section elementor-inner-section elementor-element elementor-element-9d8f9a9 elementor-section-boxed elementor-section-height-default elementor-section-height-default\" data-id=\"9d8f9a9\" data-element_type=\"section\">\n\t\t\t\t\t\t<div class=\"elementor-container elementor-column-gap-default\">\n\t\t\t\t\t<div class=\"elementor-column elementor-col-33 elementor-inner-column elementor-element elementor-element-a8ea292\" data-id=\"a8ea292\" data-element_type=\"column\">\n\t\t\t<div class=\"elementor-widget-wrap elementor-element-populated\">\n\t\t\t\t\t\t<div class=\"elementor-element elementor-element-402f7ec elementor-widget elementor-widget-stm-icon-box\" data-id=\"402f7ec\" data-element_type=\"widget\" data-widget_type=\"stm-icon-box.default\">\n\t\t\t\t<div class=\"elementor-widget-container\">\n\t\t\t\t\t\r\n\t<div class=\"icon-box stm-layout-box-car_dealer \">\r\n\t\t<div class=\"boat-line\"><\/div>\r\n\t\t\t\t\t<div class=\"icon boat-third-color icon_element\">\r\n\t\t\t\t<i aria-hidden=\"true\" class=\"stmicon- stm-icon-oil-add\"><\/i>\t\t\t<\/div>\r\n\t\t\t\t<div class=\"icon-text\">\r\n\t\t\t\t\t\t<h4 class=\"title heading-font\">\r\n\t\t\t\tWymiana oleju\t\t<\/h4>\r\n\t\t\t\t\t\t<div class=\"content heading-font\">\r\n\t\t\t\t<p>Regularna wymiana oleju to podstawa d\u0142ugowieczno\u015bci silnika. Dobieramy odpowiedni olej i filtr, a ca\u0142y proces przeprowadzamy szybko i zgodnie z zaleceniami producenta.<\/p>\t\t\t<\/div>\r\n\t\t\t\t\t<\/div>\r\n\t\t<\/div>\r\n\r\n\t\t\t\t\t<\/div>\n\t\t\t\t<\/div>\n\t\t\t\t\t<\/div>\n\t\t<\/div>\n\t\t\t\t<div class=\"elementor-column elementor-col-33 elementor-inner-column elementor-element elementor-element-053f8c9\" data-id=\"053f8c9\" data-element_type=\"column\">\n\t\t\t<div class=\"elementor-widget-wrap elementor-element-populated\">\n\t\t\t\t\t\t<div class=\"elementor-element elementor-element-6647b44 elementor-widget elementor-widget-stm-icon-box\" data-id=\"6647b44\" data-element_type=\"widget\" data-widget_type=\"stm-icon-box.default\">\n\t\t\t\t<div class=\"elementor-widget-container\">\n\t\t\t\t\t\r\n\t<div class=\"icon-box stm-layout-box-car_dealer \">\r\n\t\t<div class=\"boat-line\"><\/div>\r\n\t\t\t\t\t<div class=\"icon boat-third-color icon_element\">\r\n\t\t\t\t<i aria-hidden=\"true\" class=\"stmicon- stm-icon-air_conditioning\"><\/i>\t\t\t<\/div>\r\n\t\t\t\t<div class=\"icon-text\">\r\n\t\t\t\t\t\t<h4 class=\"title heading-font\">\r\n\t\t\t\tSerwis klimatyzacji\t\t<\/h4>\r\n\t\t\t\t\t\t<div class=\"content heading-font\">\r\n\t\t\t\t<p>Zadbaj o \u015bwie\u017ce i zdrowe powietrze w aucie. Oferujemy kompleksowy serwis klimatyzacji: odgrzybianie, uzupe\u0142nianie czynnika oraz kontrol\u0119 szczelno\u015bci uk\u0142adu.<\/p>\t\t\t<\/div>\r\n\t\t\t\t\t<\/div>\r\n\t\t<\/div>\r\n\r\n\t\t\t\t\t<\/div>\n\t\t\t\t<\/div>\n\t\t\t\t\t<\/div>\n\t\t<\/div>\n\t\t\t\t<div class=\"elementor-column elementor-col-33 elementor-inner-column elementor-element elementor-element-3f82ca1\" data-id=\"3f82ca1\" data-element_type=\"column\">\n\t\t\t<div class=\"elementor-widget-wrap elementor-element-populated\">\n\t\t\t\t\t\t<div class=\"elementor-element elementor-element-ba7a711 elementor-widget elementor-widget-stm-icon-box\" data-id=\"ba7a711\" data-element_type=\"widget\" data-widget_type=\"stm-icon-box.default\">\n\t\t\t\t<div class=\"elementor-widget-container\">\n\t\t\t\t\t\r\n\t<div class=\"icon-box stm-layout-box-car_dealer \">\r\n\t\t<div class=\"boat-line\"><\/div>\r\n\t\t\t\t\t<div class=\"icon boat-third-color icon_element\">\r\n\t\t\t\t<i aria-hidden=\"true\" class=\"stmicon- stm-icon-auto_electric\"><\/i>\t\t\t<\/div>\r\n\t\t\t\t<div class=\"icon-text\">\r\n\t\t\t\t\t\t<h4 class=\"title heading-font\">\r\n\t\t\t\tUk\u0142ad elektryczny\t\t<\/h4>\r\n\t\t\t\t\t\t<div class=\"content heading-font\">\r\n\t\t\t\t<p>Rozwi\u0105\u017cemy ka\u017cdy problem z elektryk\u0105 w Twoim aucie. Od diagnozy b\u0142\u0119d\u00f3w komputerowych, przez wymian\u0119 akumulatora, po napraw\u0119 instalacji i o\u015bwietlenia.<\/p>\t\t\t<\/div>\r\n\t\t\t\t\t<\/div>\r\n\t\t<\/div>\r\n\r\n\t\t\t\t\t<\/div>\n\t\t\t\t<\/div>\n\t\t\t\t\t<\/div>\n\t\t<\/div>\n\t\t\t\t\t<\/div>\n\t\t<\/section>\n\t\t\t\t<section class=\"elementor-section elementor-inner-section elementor-element elementor-element-550249b elementor-section-boxed elementor-section-height-default elementor-section-height-default\" data-id=\"550249b\" data-element_type=\"section\">\n\t\t\t\t\t\t<div class=\"elementor-container elementor-column-gap-default\">\n\t\t\t\t\t<div class=\"elementor-column elementor-col-33 elementor-inner-column elementor-element elementor-element-73912b1\" data-id=\"73912b1\" data-element_type=\"column\">\n\t\t\t<div class=\"elementor-widget-wrap elementor-element-populated\">\n\t\t\t\t\t\t<div class=\"elementor-element elementor-element-5035524 elementor-widget elementor-widget-stm-icon-box\" data-id=\"5035524\" data-element_type=\"widget\" data-widget_type=\"stm-icon-box.default\">\n\t\t\t\t<div class=\"elementor-widget-container\">\n\t\t\t\t\t\r\n\t<div class=\"icon-box stm-layout-box-car_dealer \">\r\n\t\t<div class=\"boat-line\"><\/div>\r\n\t\t\t\t\t<div class=\"icon boat-third-color icon_element\">\r\n\t\t\t\t<i aria-hidden=\"true\" class=\"stmicon- stm-icon-brake\"><\/i>\t\t\t<\/div>\r\n\t\t\t\t<div class=\"icon-text\">\r\n\t\t\t\t\t\t<h4 class=\"title heading-font\">\r\n\t\t\t\tUk\u0142ad hamulcowy\t\t<\/h4>\r\n\t\t\t\t\t\t<div class=\"content heading-font\">\r\n\t\t\t\t<p>Twoje bezpiecze\u0144stwo to nasz priorytet. Diagnozujemy i naprawiamy uk\u0142ad hamulcowy \u2013 wymieniamy klocki, tarcze oraz inne elementy, zapewniaj\u0105c maksymaln\u0105 skuteczno\u015b\u0107 hamowania.<\/p>\t\t\t<\/div>\r\n\t\t\t\t\t<\/div>\r\n\t\t<\/div>\r\n\r\n\t\t\t\t\t<\/div>\n\t\t\t\t<\/div>\n\t\t\t\t\t<\/div>\n\t\t<\/div>\n\t\t\t\t<div class=\"elementor-column elementor-col-33 elementor-inner-column elementor-element elementor-element-9ffef64\" data-id=\"9ffef64\" data-element_type=\"column\">\n\t\t\t<div class=\"elementor-widget-wrap elementor-element-populated\">\n\t\t\t\t\t\t<div class=\"elementor-element elementor-element-91b850b elementor-widget elementor-widget-stm-icon-box\" data-id=\"91b850b\" data-element_type=\"widget\" data-widget_type=\"stm-icon-box.default\">\n\t\t\t\t<div class=\"elementor-widget-container\">\n\t\t\t\t\t\r\n\t<div class=\"icon-box stm-layout-box-car_dealer \">\r\n\t\t<div class=\"boat-line\"><\/div>\r\n\t\t\t\t\t<div class=\"icon boat-third-color icon_element\">\r\n\t\t\t\t<i aria-hidden=\"true\" class=\"stmicon- stm-icon-transmission\"><\/i>\t\t\t<\/div>\r\n\t\t\t\t<div class=\"icon-text\">\r\n\t\t\t\t\t\t<h4 class=\"title heading-font\">\r\n\t\t\t\tSkrzynia bieg\u00f3w\t\t<\/h4>\r\n\t\t\t\t\t\t<div class=\"content heading-font\">\r\n\t\t\t\t<p>Sprawna skrzynia bieg\u00f3w to p\u0142ynna i bezpieczna jazda. Zajmujemy si\u0119 zar\u00f3wno automatycznymi, jak i manualnymi przek\u0142adniami \u2013 diagnozujemy, naprawiamy i serwisujemy.<\/p>\t\t\t<\/div>\r\n\t\t\t\t\t<\/div>\r\n\t\t<\/div>\r\n\r\n\t\t\t\t\t<\/div>\n\t\t\t\t<\/div>\n\t\t\t\t\t<\/div>\n\t\t<\/div>\n\t\t\t\t<div class=\"elementor-column elementor-col-33 elementor-inner-column elementor-element elementor-element-3db9766\" data-id=\"3db9766\" data-element_type=\"column\">\n\t\t\t<div class=\"elementor-widget-wrap elementor-element-populated\">\n\t\t\t\t\t\t<div class=\"elementor-element elementor-element-48006fc elementor-widget elementor-widget-stm-icon-box\" data-id=\"48006fc\" data-element_type=\"widget\" data-widget_type=\"stm-icon-box.default\">\n\t\t\t\t<div class=\"elementor-widget-container\">\n\t\t\t\t\t\r\n\t<div class=\"icon-box stm-layout-box-car_dealer \">\r\n\t\t<div class=\"boat-line\"><\/div>\r\n\t\t\t\t\t<div class=\"icon boat-third-color icon_element\">\r\n\t\t\t\t<i aria-hidden=\"true\" class=\"stmicon- stm-icon-Tire_Wheel\"><\/i>\t\t\t<\/div>\r\n\t\t\t\t<div class=\"icon-text\">\r\n\t\t\t\t\t\t<h4 class=\"title heading-font\">\r\n\t\t\t\tSerwis opon i k\u00f3\u0142\t\t<\/h4>\r\n\t\t\t\t\t\t<div class=\"content heading-font\">\r\n\t\t\t\t<p>Prowadzimy pe\u0142en serwis ogumienia: wymiana, wywa\u017canie, naprawa opon i przechowywanie sezonowe. Oferujemy te\u017c geometri\u0119 i sprawdzenie stanu felg.<\/p>\t\t\t<\/div>\r\n\t\t\t\t\t<\/div>\r\n\t\t<\/div>\r\n\r\n\t\t\t\t\t<\/div>\n\t\t\t\t<\/div>\n\t\t\t\t\t<\/div>\n\t\t<\/div>\n\t\t\t\t\t<\/div>\n\t\t<\/section>\n\t\t\t\t\t<\/div>\n\t\t<\/div>\n\t\t\t\t\t<\/div>\n\t\t<\/section>\n\t\t\t\t<section class=\"elementor-section elementor-top-section elementor-element elementor-element-8c7f413 elementor-section-boxed elementor-section-height-default elementor-section-height-default\" data-id=\"8c7f413\" data-element_type=\"section\">\n\t\t\t\t\t\t<div class=\"elementor-container elementor-column-gap-default\">\n\t\t\t\t\t<div class=\"elementor-column elementor-col-66 elementor-top-column elementor-element elementor-element-13117f9\" data-id=\"13117f9\" data-element_type=\"column\">\n\t\t\t<div class=\"elementor-widget-wrap elementor-element-populated\">\n\t\t\t\t\t\t<div class=\"elementor-element elementor-element-aeb1db2 elementor-widget elementor-widget-stm-contact-form-seven\" data-id=\"aeb1db2\" data-element_type=\"widget\" data-widget_type=\"stm-contact-form-seven.default\">\n\t\t\t\t<div class=\"elementor-widget-container\">\n\t\t\t\t\t\r\n<div class=\"stm-elementor-contact-form-seven \" id=\"single_contact_form_42974\">\r\n\t<div class=\"icon-title\">\r\n\t\t\t\t\t<h3 class=\"heading-font title\">\r\n\t\t\t\tUm\u00f3w wizyt\u0119 w serwisie\t\t\t<\/h3>\r\n\t\t\t<\/div>\r\n\r\n\t\r\n\t\n<div class=\"wpcf7 no-js\" id=\"wpcf7-f587-o1\" lang=\"en-US\" dir=\"ltr\" data-wpcf7-id=\"587\">\n<div class=\"screen-reader-response\"><p role=\"status\" aria-live=\"polite\" aria-atomic=\"true\"><\/p> <ul><\/ul><\/div>\n<form action=\"\/index.php\/wp-json\/wp\/v2\/pages\/3554#wpcf7-f587-o1\" method=\"post\" class=\"wpcf7-form init\" aria-label=\"Contact form\" novalidate=\"novalidate\" data-status=\"init\">\n<fieldset class=\"hidden-fields-container\"><input type=\"hidden\" name=\"_wpcf7\" value=\"587\" \/><input type=\"hidden\" name=\"_wpcf7_version\" value=\"6.1.4\" \/><input type=\"hidden\" name=\"_wpcf7_locale\" value=\"en_US\" \/><input type=\"hidden\" name=\"_wpcf7_unit_tag\" value=\"wpcf7-f587-o1\" \/><input type=\"hidden\" name=\"_wpcf7_container_post\" value=\"0\" \/><input type=\"hidden\" name=\"_wpcf7_posted_data_hash\" value=\"\" \/><input type=\"hidden\" name=\"_wpcf7_recaptcha_response\" value=\"\" \/>\n<\/fieldset>\n<div class=\"row stm-forms-sm\">\n    <div class=\"col-md-4 col-sm-4\">\n       <div class=\"form-group\">\n         <div class=\"form-label-small\">Imi\u0119<\/div>\n         <span class=\"wpcf7-form-control-wrap\" data-name=\"your-name\"><input size=\"40\" maxlength=\"400\" class=\"wpcf7-form-control wpcf7-text wpcf7-validates-as-required\" aria-required=\"true\" aria-invalid=\"false\" value=\"\" type=\"text\" name=\"your-name\" \/><\/span>\n       <\/div>\n    <\/div>\n    <div class=\"col-md-4 col-sm-4\">\n       <div class=\"form-group\">\n         <div class=\"form-label-small\">E-mail<\/div>\n         <span class=\"wpcf7-form-control-wrap\" data-name=\"your-email\"><input size=\"40\" maxlength=\"400\" class=\"wpcf7-form-control wpcf7-email wpcf7-validates-as-required wpcf7-text wpcf7-validates-as-email\" aria-required=\"true\" aria-invalid=\"false\" value=\"\" type=\"email\" name=\"your-email\" \/><\/span>\n       <\/div>\n    <\/div>\n    <div class=\"col-md-4 col-sm-4\">\n       <div class=\"form-group\">\n         <div class=\"form-label-small\">Telefon<\/div>\n         <span class=\"wpcf7-form-control-wrap\" data-name=\"your-tel\"><input size=\"40\" maxlength=\"400\" class=\"wpcf7-form-control wpcf7-tel wpcf7-validates-as-required wpcf7-text wpcf7-validates-as-tel\" aria-required=\"true\" aria-invalid=\"false\" value=\"\" type=\"tel\" name=\"your-tel\" \/><\/span>\n       <\/div>\n    <\/div>\n<\/div>\n<div class=\"row stm-forms-sm\">\n    <div class=\"col-md-4 col-sm-4\">\n       <div class=\"form-group\">\n         <div class=\"form-label-small\">Marka\/Model<\/div>\n         <span class=\"wpcf7-form-control-wrap\" data-name=\"make-model\"><input size=\"40\" maxlength=\"400\" class=\"wpcf7-form-control wpcf7-text wpcf7-validates-as-required\" aria-required=\"true\" aria-invalid=\"false\" value=\"\" type=\"text\" name=\"make-model\" \/><\/span>\n       <\/div>\n    <\/div>\n    <div class=\"col-md-4 col-sm-4\">\n       <div class=\"form-group\">\n         <div class=\"form-label-small\">Przebieg (opcjonalne)<\/div>\n         <span class=\"wpcf7-form-control-wrap\" data-name=\"mileage\"><input size=\"40\" maxlength=\"400\" class=\"wpcf7-form-control wpcf7-text\" aria-invalid=\"false\" value=\"\" type=\"text\" name=\"mileage\" \/><\/span>\n       <\/div>\n    <\/div>\n    <div class=\"col-md-4 col-sm-4\">\n       <div class=\"form-group\">\n         <div class=\"form-label-small\">Proponowany termin<\/div>\n         <div class=\"stm-datepicker-input-icon\">\n\t    <span class=\"wpcf7-form-control-wrap\" data-name=\"time\"><input size=\"40\" maxlength=\"400\" class=\"wpcf7-form-control wpcf7-text wpcf7-validates-as-required stm-date-timepicker\" aria-required=\"true\" aria-invalid=\"false\" value=\"\" type=\"text\" name=\"time\" \/><\/span>\n\t <\/div>\n       <\/div>\n    <\/div>\n<\/div>\n<hr class=\"form-hr\"\/>\n<br \/>\n<div class=\"row\">\n    <div class=\"col-md-4 col-sm-4\">\n        <input class=\"wpcf7-form-control wpcf7-submit has-spinner button-fluid\" type=\"submit\" value=\"Um\u00f3w wizyt\u0119\" \/>\n    <\/div>\n    <div class=\"col-md-8 col-sm-8\">\n       <div class=\"stm-form-alert\">\n          Wysy\u0142aj\u0105c ten formularz, um\u00f3wisz si\u0119 na wizyt\u0119 serwisow\u0105 bez \u017cadnych zobowi\u0105za\u0144. W ci\u0105gu 48 godzin skontaktuje si\u0119 z Tob\u0105 doradca serwisowy.\n       <\/div>\n    <\/div>\n<\/div><div class=\"wpcf7-response-output\" aria-hidden=\"true\"><\/div>\n<\/form>\n<\/div>\n\t<\/div>\r\n\r\n\t\t\t\t<\/div>\n\t\t\t\t<\/div>\n\t\t\t\t\t<\/div>\n\t\t<\/div>\n\t\t\t\t<div class=\"elementor-column elementor-col-33 elementor-top-column elementor-element elementor-element-e12cacf\" data-id=\"e12cacf\" data-element_type=\"column\">\n\t\t\t<div class=\"elementor-widget-wrap elementor-element-populated\">\n\t\t\t\t\t\t<div class=\"elementor-element elementor-element-ca71467 elementor-widget elementor-widget-motors-info\" data-id=\"ca71467\" data-element_type=\"widget\" data-widget_type=\"motors-info.default\">\n\t\t\t\t<div class=\"elementor-widget-container\">\n\t\t\t\t\t<div class=\"listing-infos-wrap\">\r\n\t<div class=\"title_wrap\">\r\n\t\t<i aria-hidden=\"true\" class=\"stmicon- stm-icon-calendar\"><\/i>\t\t<h5 class=\"title\">Godziny pracy serwisu:<\/h5>\r\n\t<\/div>\r\n\t<div class=\"info-list-wrap\">\r\n\t\t<ul><li><span class=\"item-title\">Niedziela<\/span><span class=\"item-value\">Zamkni\u0119te<\/span><\/li><li><span class=\"item-title\">Poniedzia\u0142ek<\/span><span class=\"item-value\">9:00 - 18:00<\/span><\/li><li><span class=\"item-title\">Wtorek<\/span><span class=\"item-value\">9:00 - 18:00<\/span><\/li><li><span class=\"item-title\">\u015aroda<\/span><span class=\"item-value\">9:00 - 18:00<\/span><\/li><li><span class=\"item-title\">Czwartek<\/span><span class=\"item-value\">9:00 - 18:00<\/span><\/li><li><span class=\"item-title\">Pi\u0105tek<\/span><span class=\"item-value\">9:00 - 18:00<\/span><\/li><li><span class=\"item-title\">Sobota<\/span><span class=\"item-value\">9:00 - 14:00<\/span><\/li><\/ul>\t<\/div>\r\n<\/div>\r\n\t\t\t\t<\/div>\n\t\t\t\t<\/div>\n\t\t\t\t\t<\/div>\n\t\t<\/div>\n\t\t\t\t\t<\/div>\n\t\t<\/section>\n\t\t\t\t<section class=\"elementor-section elementor-top-section elementor-element elementor-element-de533bf elementor-section-stretched elementor-section-boxed elementor-section-height-default elementor-section-height-default\" data-id=\"de533bf\" data-element_type=\"section\" data-settings=\"{&quot;stretch_section&quot;:&quot;section-stretched&quot;,&quot;background_background&quot;:&quot;classic&quot;}\">\n\t\t\t\t\t\t<div class=\"elementor-container elementor-column-gap-default\">\n\t\t\t\t\t<div class=\"elementor-column elementor-col-100 elementor-top-column elementor-element elementor-element-aa58f5c\" data-id=\"aa58f5c\" data-element_type=\"column\">\n\t\t\t<div class=\"elementor-widget-wrap elementor-element-populated\">\n\t\t\t\t\t\t<section class=\"elementor-section elementor-inner-section elementor-element elementor-element-2a99579 elementor-section-boxed elementor-section-height-default elementor-section-height-default\" data-id=\"2a99579\" data-element_type=\"section\">\n\t\t\t\t\t\t<div class=\"elementor-container elementor-column-gap-default\">\n\t\t\t\t\t<div class=\"elementor-column elementor-col-50 elementor-inner-column elementor-element elementor-element-cd4168a\" data-id=\"cd4168a\" data-element_type=\"column\">\n\t\t\t<div class=\"elementor-widget-wrap elementor-element-populated\">\n\t\t\t\t\t\t<div class=\"elementor-element elementor-element-fa9d8fe elementor-position-inline-start elementor-view-default elementor-mobile-position-block-start elementor-widget elementor-widget-icon-box\" data-id=\"fa9d8fe\" data-element_type=\"widget\" data-widget_type=\"icon-box.default\">\n\t\t\t\t\t\t\t<div class=\"elementor-icon-box-wrapper\">\n\n\t\t\t\t\t\t<div class=\"elementor-icon-box-icon\">\n\t\t\t\t<span  class=\"elementor-icon\">\n\t\t\t\t<i aria-hidden=\"true\" class=\"stmicon- stm-icon-question\"><\/i>\t\t\t\t<\/span>\n\t\t\t<\/div>\n\t\t\t\n\t\t\t\t\t\t<div class=\"elementor-icon-box-content\">\n\n\t\t\t\t\t\t\t\t\t<h3 class=\"elementor-icon-box-title\">\n\t\t\t\t\t\t<span  >\n\t\t\t\t\t\t\tMasz pytania? Zadzwo\u0144 jeszcze dzi\u015b\t\t\t\t\t\t<\/span>\n\t\t\t\t\t<\/h3>\n\t\t\t\t\n\t\t\t\t\n\t\t\t<\/div>\n\t\t\t\n\t\t<\/div>\n\t\t\t\t\t\t<\/div>\n\t\t\t\t\t<\/div>\n\t\t<\/div>\n\t\t\t\t<div class=\"elementor-column elementor-col-50 elementor-inner-column elementor-element elementor-element-6e22fcb\" data-id=\"6e22fcb\" data-element_type=\"column\">\n\t\t\t<div class=\"elementor-widget-wrap elementor-element-populated\">\n\t\t\t\t\t\t<div class=\"elementor-element elementor-element-91c43af elementor-position-inline-start elementor-view-default elementor-mobile-position-block-start elementor-widget elementor-widget-icon-box\" data-id=\"91c43af\" data-element_type=\"widget\" data-widget_type=\"icon-box.default\">\n\t\t\t\t\t\t\t<div class=\"elementor-icon-box-wrapper\">\n\n\t\t\t\t\t\t<div class=\"elementor-icon-box-icon\">\n\t\t\t\t<span  class=\"elementor-icon\">\n\t\t\t\t<i aria-hidden=\"true\" class=\"stmicon- stm-icon-phone2\"><\/i>\t\t\t\t<\/span>\n\t\t\t<\/div>\n\t\t\t\n\t\t\t\t\t\t<div class=\"elementor-icon-box-content\">\n\n\t\t\t\t\t\t\t\t\t<h3 class=\"elementor-icon-box-title\">\n\t\t\t\t\t\t<span  >\n\t\t\t\t\t\t\t32 275 18 07\t\t\t\t\t\t<\/span>\n\t\t\t\t\t<\/h3>\n\t\t\t\t\n\t\t\t\t\n\t\t\t<\/div>\n\t\t\t\n\t\t<\/div>\n\t\t\t\t\t\t<\/div>\n\t\t\t\t\t<\/div>\n\t\t<\/div>\n\t\t\t\t\t<\/div>\n\t\t<\/section>\n\t\t\t\t\t<\/div>\n\t\t<\/div>\n\t\t\t\t\t<\/div>\n\t\t<\/section>\n\t\t\t\t<\/div>\n\t\t","protected":false},"excerpt":{"rendered":"<p>Serwis mechaniczny Zapraszamy do korzystania z us\u0142ug naszej autoryzowanej stacji serwisowej samochod\u00f3w marki Hyundai. Oferujemy Pa\u0144stwu: Nasze us\u0142ugi: serwis gwarancyjny i pogwarancyjny w zakresie napraw mechanicznych serwis ogumienia naprawy blacharsko lakiernicze pomoc drogowa tel: 601 226 461 lub 601 482 323 sprzeda\u017c pe\u0142nej gamy cz\u0119\u015bci zamiennych i akcesori\u00f3w samochodowych Wymiana oleju Regularna wymiana oleju to&#8230;<\/p>\n","protected":false},"author":1,"featured_media":0,"parent":0,"menu_order":0,"comment_status":"closed","ping_status":"closed","template":"","meta":{"footnotes":""},"class_list":["post-3554","page","type-page","status-publish","hentry"],"_links":{"self":[{"href":"https:\/\/www.autobednarczyk.com\/index.php\/wp-json\/wp\/v2\/pages\/3554","targetHints":{"allow":["GET"]}}],"collection":[{"href":"https:\/\/www.autobednarczyk.com\/index.php\/wp-json\/wp\/v2\/pages"}],"about":[{"href":"https:\/\/www.autobednarczyk.com\/index.php\/wp-json\/wp\/v2\/types\/page"}],"author":[{"embeddable":true,"href":"https:\/\/www.autobednarczyk.com\/index.php\/wp-json\/wp\/v2\/users\/1"}],"replies":[{"embeddable":true,"href":"https:\/\/www.autobednarczyk.com\/index.php\/wp-json\/wp\/v2\/comments?post=3554"}],"version-history":[{"count":7,"href":"https:\/\/www.autobednarczyk.com\/index.php\/wp-json\/wp\/v2\/pages\/3554\/revisions"}],"predecessor-version":[{"id":3722,"href":"https:\/\/www.autobednarczyk.com\/index.php\/wp-json\/wp\/v2\/pages\/3554\/revisions\/3722"}],"wp:attachment":[{"href":"https:\/\/www.autobednarczyk.com\/index.php\/wp-json\/wp\/v2\/media?parent=3554"}],"curies":[{"name":"wp","href":"https:\/\/api.w.org\/{rel}","templated":true}]}}