{"id":3555,"date":"2025-07-13T01:48:26","date_gmt":"2025-07-12T23:48:26","guid":{"rendered":"https:\/\/www.autobednarczyk.com\/?page_id=3555"},"modified":"2025-07-18T22:42:31","modified_gmt":"2025-07-18T20:42:31","slug":"serwis-blacharsko-lakierniczy","status":"publish","type":"page","link":"https:\/\/www.autobednarczyk.com\/index.php\/serwis-blacharsko-lakierniczy\/","title":{"rendered":"Blacharnia &#8211; lakiernia"},"content":{"rendered":"\t\t<div data-elementor-type=\"wp-page\" data-elementor-id=\"3555\" class=\"elementor elementor-3555\">\n\t\t\t\t\t\t<section class=\"elementor-section elementor-top-section elementor-element elementor-element-0313def elementor-section-boxed elementor-section-height-default elementor-section-height-default\" data-id=\"0313def\" data-element_type=\"section\">\n\t\t\t\t\t\t<div class=\"elementor-container elementor-column-gap-default\">\n\t\t\t\t\t<div class=\"elementor-column elementor-col-66 elementor-top-column elementor-element elementor-element-5113fef\" data-id=\"5113fef\" data-element_type=\"column\">\n\t\t\t<div class=\"elementor-widget-wrap elementor-element-populated\">\n\t\t\t\t\t\t<div class=\"elementor-element elementor-element-25ae8d5 elementor-widget elementor-widget-text-editor\" data-id=\"25ae8d5\" data-element_type=\"widget\" data-widget_type=\"text-editor.default\">\n\t\t\t\t\t\t\t\t\t<h2><span style=\"color: #cc6119;\">Serwis<\/span> blacharsko &#8211; lakierniczy<\/h2>\t\t\t\t\t\t\t\t<\/div>\n\t\t\t\t<div class=\"elementor-element elementor-element-4ff29a5 elementor-widget elementor-widget-text-editor\" data-id=\"4ff29a5\" data-element_type=\"widget\" data-widget_type=\"text-editor.default\">\n\t\t\t\t\t\t\t\t\t<p style=\"text-align: justify;\">W celu zapewnienia najwy\u017cszej jako\u015bci obs\u0142ugi i napraw wykonywanych w naszej firmie uruchomili\u015bmy <strong>Centrum Napraw Powypadkowych dla samochod\u00f3w wszystkich marek<\/strong>. Dzi\u0119ki pa\u0144stwa zaufaniu i ilo\u015bci samochod\u00f3w jakie mogli\u015bmy dla pa\u0144stwa naprawi\u0107 uruchomione Centrum Napraw Powypadkowych, jest jednym z najbardziej nowoczesnych serwis\u00f3w blacharsko-lakierniczych w Polsce, w kt\u00f3rym naprawiamy samochody wszystkich marek.<\/p>\t\t\t\t\t\t\t\t<\/div>\n\t\t\t\t<div class=\"elementor-element elementor-element-29f9f7a elementor-widget elementor-widget-text-editor\" data-id=\"29f9f7a\" data-element_type=\"widget\" data-widget_type=\"text-editor.default\">\n\t\t\t\t\t\t\t\t\t<h4 style=\"text-align: left;\">W ramach CNP oferujemy:<\/h4>\t\t\t\t\t\t\t\t<\/div>\n\t\t\t\t<section class=\"elementor-section elementor-inner-section elementor-element elementor-element-45785fe elementor-section-boxed elementor-section-height-default elementor-section-height-default\" data-id=\"45785fe\" data-element_type=\"section\">\n\t\t\t\t\t\t<div class=\"elementor-container elementor-column-gap-default\">\n\t\t\t\t\t<div class=\"elementor-column elementor-col-50 elementor-inner-column elementor-element elementor-element-81fbb13\" data-id=\"81fbb13\" data-element_type=\"column\">\n\t\t\t<div class=\"elementor-widget-wrap elementor-element-populated\">\n\t\t\t\t\t\t<div class=\"elementor-element elementor-element-f9441c7 elementor-widget elementor-widget-text-editor\" data-id=\"f9441c7\" data-element_type=\"widget\" data-widget_type=\"text-editor.default\">\n\t\t\t\t\t\t\t\t\t<ul class=\"list-style-1\"><li>usuni\u0119cie powa\u017cnych szk\u00f3d powypadkowych<\/li><li>wyeliminowanie drobnych wgniece\u0144 karoserii<\/li><li>usuni\u0119cie zarysowa\u0144 pow\u0142oki lakierniczej<\/li><li>naprawienie lub wymian\u0119 p\u0119kni\u0119tej szyby<\/li><\/ul>\t\t\t\t\t\t\t\t<\/div>\n\t\t\t\t\t<\/div>\n\t\t<\/div>\n\t\t\t\t<div class=\"elementor-column elementor-col-50 elementor-inner-column elementor-element elementor-element-7b7af37\" data-id=\"7b7af37\" data-element_type=\"column\">\n\t\t\t<div class=\"elementor-widget-wrap elementor-element-populated\">\n\t\t\t\t\t\t<div class=\"elementor-element elementor-element-3b9cdcc elementor-widget elementor-widget-text-editor\" data-id=\"3b9cdcc\" data-element_type=\"widget\" data-widget_type=\"text-editor.default\">\n\t\t\t\t\t\t\t\t\t<ul class=\"list-style-1\"><li>naprawy blacharsko &#8211; lakiernicze typu SMART<\/li><li>wykonanie pomiar\u00f3w nadwozia i podwozia<\/li><li>naprawa pojazd\u00f3w po gradobiciu<\/li><\/ul>\t\t\t\t\t\t\t\t<\/div>\n\t\t\t\t\t<\/div>\n\t\t<\/div>\n\t\t\t\t\t<\/div>\n\t\t<\/section>\n\t\t\t\t<div class=\"elementor-element elementor-element-3a80e53 elementor-widget elementor-widget-text-editor\" data-id=\"3a80e53\" data-element_type=\"widget\" data-widget_type=\"text-editor.default\">\n\t\t\t\t\t\t\t\t\t<h4 style=\"text-align: left;\">W ramach dzia\u0142alno\u015bci Centrum Napraw Powypadkowych istnieje mo\u017cliwo\u015b\u0107 kompleksowej likwidacji szkody komunikacyjnej w postaci:<\/h4>\t\t\t\t\t\t\t\t<\/div>\n\t\t\t\t<section class=\"elementor-section elementor-inner-section elementor-element elementor-element-b02d008 elementor-section-boxed elementor-section-height-default elementor-section-height-default\" data-id=\"b02d008\" data-element_type=\"section\">\n\t\t\t\t\t\t<div class=\"elementor-container elementor-column-gap-default\">\n\t\t\t\t\t<div class=\"elementor-column elementor-col-50 elementor-inner-column elementor-element elementor-element-39e2244\" data-id=\"39e2244\" data-element_type=\"column\">\n\t\t\t<div class=\"elementor-widget-wrap elementor-element-populated\">\n\t\t\t\t\t\t<div class=\"elementor-element elementor-element-d279e33 elementor-widget elementor-widget-text-editor\" data-id=\"d279e33\" data-element_type=\"widget\" data-widget_type=\"text-editor.default\">\n\t\t\t\t\t\t\t\t\t<ul class=\"list-style-1\"><li>Zg\u0142oszenia szkody bezpo\u015brednio w Biurze Obs\u0142ugi Klienta<\/li><li>Likwidacja szkody w systemie bezgot\u00f3wkowym z wszystkimi ubezpieczalniami<\/li><li>Wykonanie ogl\u0119dzin pierwszych i dodatkowych<\/li><li>Wykonania kalkulacji naprawy<\/li><\/ul>\t\t\t\t\t\t\t\t<\/div>\n\t\t\t\t\t<\/div>\n\t\t<\/div>\n\t\t\t\t<div class=\"elementor-column elementor-col-50 elementor-inner-column elementor-element elementor-element-8e74ea2\" data-id=\"8e74ea2\" data-element_type=\"column\">\n\t\t\t<div class=\"elementor-widget-wrap elementor-element-populated\">\n\t\t\t\t\t\t<div class=\"elementor-element elementor-element-1fc3346 elementor-widget elementor-widget-text-editor\" data-id=\"1fc3346\" data-element_type=\"widget\" data-widget_type=\"text-editor.default\">\n\t\t\t\t\t\t\t\t\t<ul class=\"list-style-1\"><li>Wynajmu samochodu zast\u0119pczego na czas naprawy<\/li><li>Holowania do centrum w uzgodnionym czasie i miejscu<\/li><li>Szybkiej wymiany szyb<\/li><\/ul>\t\t\t\t\t\t\t\t<\/div>\n\t\t\t\t\t<\/div>\n\t\t<\/div>\n\t\t\t\t\t<\/div>\n\t\t<\/section>\n\t\t\t\t<div class=\"elementor-element elementor-element-91b9f33 elementor-widget elementor-widget-text-editor\" data-id=\"91b9f33\" data-element_type=\"widget\" data-widget_type=\"text-editor.default\">\n\t\t\t\t\t\t\t\t\t<p style=\"text-align: left;\"><strong>Oferujemy naprawy bezgot\u00f3wkowe<\/strong> ze wszystkimi Towarzystwami dzia\u0142aj\u0105cymi na naszym rynku w oparciu o pe\u0142nomocnictwa.<\/p>\t\t\t\t\t\t\t\t<\/div>\n\t\t\t\t\t<\/div>\n\t\t<\/div>\n\t\t\t\t<div class=\"elementor-column elementor-col-33 elementor-top-column elementor-element elementor-element-e1a9776 elementor-hidden-tablet elementor-hidden-mobile\" data-id=\"e1a9776\" data-element_type=\"column\">\n\t\t\t<div class=\"elementor-widget-wrap elementor-element-populated\">\n\t\t\t\t\t\t<div class=\"elementor-element elementor-element-9903e2d elementor-widget elementor-widget-image\" data-id=\"9903e2d\" data-element_type=\"widget\" data-widget_type=\"image.default\">\n\t\t\t\t\t\t\t\t\t\t\t\t\t\t\t<img fetchpriority=\"high\" decoding=\"async\" width=\"400\" height=\"267\" src=\"https:\/\/www.autobednarczyk.com\/wp-content\/uploads\/2025\/07\/serwis.jpg\" class=\"attachment-large size-large wp-image-3691\" alt=\"\" srcset=\"https:\/\/www.autobednarczyk.com\/wp-content\/uploads\/2025\/07\/serwis.jpg 400w, https:\/\/www.autobednarczyk.com\/wp-content\/uploads\/2025\/07\/serwis-300x200.jpg 300w, https:\/\/www.autobednarczyk.com\/wp-content\/uploads\/2025\/07\/serwis-255x170.jpg 255w, https:\/\/www.autobednarczyk.com\/wp-content\/uploads\/2025\/07\/serwis-280x187.jpg 280w, https:\/\/www.autobednarczyk.com\/wp-content\/uploads\/2025\/07\/serwis-350x234.jpg 350w, https:\/\/www.autobednarczyk.com\/wp-content\/uploads\/2025\/07\/serwis-398x266.jpg 398w, https:\/\/www.autobednarczyk.com\/wp-content\/uploads\/2025\/07\/serwis-327x218.jpg 327w\" sizes=\"(max-width: 400px) 100vw, 400px\" \/>\t\t\t\t\t\t\t\t\t\t\t\t\t\t\t<\/div>\n\t\t\t\t\t<\/div>\n\t\t<\/div>\n\t\t\t\t\t<\/div>\n\t\t<\/section>\n\t\t\t\t<section class=\"elementor-section elementor-top-section elementor-element elementor-element-69221fe elementor-section-boxed elementor-section-height-default elementor-section-height-default\" data-id=\"69221fe\" data-element_type=\"section\">\n\t\t\t\t\t\t<div class=\"elementor-container elementor-column-gap-default\">\n\t\t\t\t\t<div class=\"elementor-column elementor-col-100 elementor-top-column elementor-element elementor-element-93a13dd\" data-id=\"93a13dd\" data-element_type=\"column\">\n\t\t\t<div class=\"elementor-widget-wrap elementor-element-populated\">\n\t\t\t\t\t\t<div class=\"elementor-element elementor-element-90a8f49 elementor-widget elementor-widget-image\" data-id=\"90a8f49\" data-element_type=\"widget\" data-widget_type=\"image.default\">\n\t\t\t\t\t\t\t\t\t\t\t\t\t\t\t<img decoding=\"async\" width=\"960\" height=\"280\" src=\"https:\/\/www.autobednarczyk.com\/wp-content\/uploads\/2025\/07\/baner-cnp.jpg\" class=\"attachment-large size-large wp-image-3703\" alt=\"\" srcset=\"https:\/\/www.autobednarczyk.com\/wp-content\/uploads\/2025\/07\/baner-cnp.jpg 960w, https:\/\/www.autobednarczyk.com\/wp-content\/uploads\/2025\/07\/baner-cnp-300x88.jpg 300w, https:\/\/www.autobednarczyk.com\/wp-content\/uploads\/2025\/07\/baner-cnp-255x74.jpg 255w, https:\/\/www.autobednarczyk.com\/wp-content\/uploads\/2025\/07\/baner-cnp-510x149.jpg 510w, https:\/\/www.autobednarczyk.com\/wp-content\/uploads\/2025\/07\/baner-cnp-280x82.jpg 280w, https:\/\/www.autobednarczyk.com\/wp-content\/uploads\/2025\/07\/baner-cnp-560x163.jpg 560w, https:\/\/www.autobednarczyk.com\/wp-content\/uploads\/2025\/07\/baner-cnp-350x102.jpg 350w, https:\/\/www.autobednarczyk.com\/wp-content\/uploads\/2025\/07\/baner-cnp-700x204.jpg 700w, https:\/\/www.autobednarczyk.com\/wp-content\/uploads\/2025\/07\/baner-cnp-398x116.jpg 398w, https:\/\/www.autobednarczyk.com\/wp-content\/uploads\/2025\/07\/baner-cnp-796x232.jpg 796w, https:\/\/www.autobednarczyk.com\/wp-content\/uploads\/2025\/07\/baner-cnp-327x95.jpg 327w\" sizes=\"(max-width: 960px) 100vw, 960px\" \/>\t\t\t\t\t\t\t\t\t\t\t\t\t\t\t<\/div>\n\t\t\t\t\t<\/div>\n\t\t<\/div>\n\t\t\t\t\t<\/div>\n\t\t<\/section>\n\t\t\t\t<section class=\"elementor-section elementor-top-section elementor-element elementor-element-8c7f413 elementor-section-boxed elementor-section-height-default elementor-section-height-default\" data-id=\"8c7f413\" data-element_type=\"section\">\n\t\t\t\t\t\t<div class=\"elementor-container elementor-column-gap-default\">\n\t\t\t\t\t<div class=\"elementor-column elementor-col-66 elementor-top-column elementor-element elementor-element-13117f9\" data-id=\"13117f9\" data-element_type=\"column\">\n\t\t\t<div class=\"elementor-widget-wrap elementor-element-populated\">\n\t\t\t\t\t\t<div class=\"elementor-element elementor-element-aeb1db2 elementor-widget elementor-widget-stm-contact-form-seven\" data-id=\"aeb1db2\" data-element_type=\"widget\" data-widget_type=\"stm-contact-form-seven.default\">\n\t\t\t\t<div class=\"elementor-widget-container\">\n\t\t\t\t\t\r\n<div class=\"stm-elementor-contact-form-seven \" id=\"single_contact_form_84719\">\r\n\t<div class=\"icon-title\">\r\n\t\t\t\t\t<h3 class=\"heading-font title\">\r\n\t\t\t\tUm\u00f3w wizyt\u0119\t\t\t<\/h3>\r\n\t\t\t<\/div>\r\n\r\n\t\r\n\t\n<div class=\"wpcf7 no-js\" id=\"wpcf7-f587-o1\" lang=\"en-US\" dir=\"ltr\" data-wpcf7-id=\"587\">\n<div class=\"screen-reader-response\"><p role=\"status\" aria-live=\"polite\" aria-atomic=\"true\"><\/p> <ul><\/ul><\/div>\n<form action=\"\/index.php\/wp-json\/wp\/v2\/pages\/3555#wpcf7-f587-o1\" method=\"post\" class=\"wpcf7-form init\" aria-label=\"Contact form\" novalidate=\"novalidate\" data-status=\"init\">\n<fieldset class=\"hidden-fields-container\"><input type=\"hidden\" name=\"_wpcf7\" value=\"587\" \/><input type=\"hidden\" name=\"_wpcf7_version\" value=\"6.1.4\" \/><input type=\"hidden\" name=\"_wpcf7_locale\" value=\"en_US\" \/><input type=\"hidden\" name=\"_wpcf7_unit_tag\" value=\"wpcf7-f587-o1\" \/><input type=\"hidden\" name=\"_wpcf7_container_post\" value=\"0\" \/><input type=\"hidden\" name=\"_wpcf7_posted_data_hash\" value=\"\" \/><input type=\"hidden\" name=\"_wpcf7_recaptcha_response\" value=\"\" \/>\n<\/fieldset>\n<div class=\"row stm-forms-sm\">\n    <div class=\"col-md-4 col-sm-4\">\n       <div class=\"form-group\">\n         <div class=\"form-label-small\">Imi\u0119<\/div>\n         <span class=\"wpcf7-form-control-wrap\" data-name=\"your-name\"><input size=\"40\" maxlength=\"400\" class=\"wpcf7-form-control wpcf7-text wpcf7-validates-as-required\" aria-required=\"true\" aria-invalid=\"false\" value=\"\" type=\"text\" name=\"your-name\" \/><\/span>\n       <\/div>\n    <\/div>\n    <div class=\"col-md-4 col-sm-4\">\n       <div class=\"form-group\">\n         <div class=\"form-label-small\">E-mail<\/div>\n         <span class=\"wpcf7-form-control-wrap\" data-name=\"your-email\"><input size=\"40\" maxlength=\"400\" class=\"wpcf7-form-control wpcf7-email wpcf7-validates-as-required wpcf7-text wpcf7-validates-as-email\" aria-required=\"true\" aria-invalid=\"false\" value=\"\" type=\"email\" name=\"your-email\" \/><\/span>\n       <\/div>\n    <\/div>\n    <div class=\"col-md-4 col-sm-4\">\n       <div class=\"form-group\">\n         <div class=\"form-label-small\">Telefon<\/div>\n         <span class=\"wpcf7-form-control-wrap\" data-name=\"your-tel\"><input size=\"40\" maxlength=\"400\" class=\"wpcf7-form-control wpcf7-tel wpcf7-validates-as-required wpcf7-text wpcf7-validates-as-tel\" aria-required=\"true\" aria-invalid=\"false\" value=\"\" type=\"tel\" name=\"your-tel\" \/><\/span>\n       <\/div>\n    <\/div>\n<\/div>\n<div class=\"row stm-forms-sm\">\n    <div class=\"col-md-4 col-sm-4\">\n       <div class=\"form-group\">\n         <div class=\"form-label-small\">Marka\/Model<\/div>\n         <span class=\"wpcf7-form-control-wrap\" data-name=\"make-model\"><input size=\"40\" maxlength=\"400\" class=\"wpcf7-form-control wpcf7-text wpcf7-validates-as-required\" aria-required=\"true\" aria-invalid=\"false\" value=\"\" type=\"text\" name=\"make-model\" \/><\/span>\n       <\/div>\n    <\/div>\n    <div class=\"col-md-4 col-sm-4\">\n       <div class=\"form-group\">\n         <div class=\"form-label-small\">Przebieg (opcjonalne)<\/div>\n         <span class=\"wpcf7-form-control-wrap\" data-name=\"mileage\"><input size=\"40\" maxlength=\"400\" class=\"wpcf7-form-control wpcf7-text\" aria-invalid=\"false\" value=\"\" type=\"text\" name=\"mileage\" \/><\/span>\n       <\/div>\n    <\/div>\n    <div class=\"col-md-4 col-sm-4\">\n       <div class=\"form-group\">\n         <div class=\"form-label-small\">Proponowany termin<\/div>\n         <div class=\"stm-datepicker-input-icon\">\n\t    <span class=\"wpcf7-form-control-wrap\" data-name=\"time\"><input size=\"40\" maxlength=\"400\" class=\"wpcf7-form-control wpcf7-text wpcf7-validates-as-required stm-date-timepicker\" aria-required=\"true\" aria-invalid=\"false\" value=\"\" type=\"text\" name=\"time\" \/><\/span>\n\t <\/div>\n       <\/div>\n    <\/div>\n<\/div>\n<hr class=\"form-hr\"\/>\n<br \/>\n<div class=\"row\">\n    <div class=\"col-md-4 col-sm-4\">\n        <input class=\"wpcf7-form-control wpcf7-submit has-spinner button-fluid\" type=\"submit\" value=\"Um\u00f3w wizyt\u0119\" \/>\n    <\/div>\n    <div class=\"col-md-8 col-sm-8\">\n       <div class=\"stm-form-alert\">\n          Wysy\u0142aj\u0105c ten formularz, um\u00f3wisz si\u0119 na wizyt\u0119 serwisow\u0105 bez \u017cadnych zobowi\u0105za\u0144. W ci\u0105gu 48 godzin skontaktuje si\u0119 z Tob\u0105 doradca serwisowy.\n       <\/div>\n    <\/div>\n<\/div><div class=\"wpcf7-response-output\" aria-hidden=\"true\"><\/div>\n<\/form>\n<\/div>\n\t<\/div>\r\n\r\n\t\t\t\t<\/div>\n\t\t\t\t<\/div>\n\t\t\t\t\t<\/div>\n\t\t<\/div>\n\t\t\t\t<div class=\"elementor-column elementor-col-33 elementor-top-column elementor-element elementor-element-e12cacf\" data-id=\"e12cacf\" data-element_type=\"column\">\n\t\t\t<div class=\"elementor-widget-wrap elementor-element-populated\">\n\t\t\t\t\t\t<div class=\"elementor-element elementor-element-ca71467 elementor-widget elementor-widget-motors-info\" data-id=\"ca71467\" data-element_type=\"widget\" data-widget_type=\"motors-info.default\">\n\t\t\t\t<div class=\"elementor-widget-container\">\n\t\t\t\t\t<div class=\"listing-infos-wrap\">\r\n\t<div class=\"title_wrap\">\r\n\t\t<i aria-hidden=\"true\" class=\"stmicon- stm-icon-calendar\"><\/i>\t\t<h5 class=\"title\">Godziny pracy:<\/h5>\r\n\t<\/div>\r\n\t<div class=\"info-list-wrap\">\r\n\t\t<ul><li><span class=\"item-title\">Niedziela<\/span><span class=\"item-value\">Zamkni\u0119te<\/span><\/li><li><span class=\"item-title\">Poniedzia\u0142ek<\/span><span class=\"item-value\">9:00 - 18:00<\/span><\/li><li><span class=\"item-title\">Wtorek<\/span><span class=\"item-value\">9:00 - 18:00<\/span><\/li><li><span class=\"item-title\">\u015aroda<\/span><span class=\"item-value\">9:00 - 18:00<\/span><\/li><li><span class=\"item-title\">Czawartek<\/span><span class=\"item-value\">9:00 - 18:00<\/span><\/li><li><span class=\"item-title\">Pi\u0105tek<\/span><span class=\"item-value\">9:00 - 18:00<\/span><\/li><li><span class=\"item-title\">Sobota<\/span><span class=\"item-value\">9:00 - 18:00<\/span><\/li><\/ul>\t<\/div>\r\n<\/div>\r\n\t\t\t\t<\/div>\n\t\t\t\t<\/div>\n\t\t\t\t\t<\/div>\n\t\t<\/div>\n\t\t\t\t\t<\/div>\n\t\t<\/section>\n\t\t\t\t<section class=\"elementor-section elementor-top-section elementor-element elementor-element-de533bf elementor-section-stretched elementor-section-boxed elementor-section-height-default elementor-section-height-default\" data-id=\"de533bf\" data-element_type=\"section\" data-settings=\"{&quot;stretch_section&quot;:&quot;section-stretched&quot;,&quot;background_background&quot;:&quot;classic&quot;}\">\n\t\t\t\t\t\t<div class=\"elementor-container elementor-column-gap-default\">\n\t\t\t\t\t<div class=\"elementor-column elementor-col-100 elementor-top-column elementor-element elementor-element-aa58f5c\" data-id=\"aa58f5c\" data-element_type=\"column\">\n\t\t\t<div class=\"elementor-widget-wrap elementor-element-populated\">\n\t\t\t\t\t\t<section class=\"elementor-section elementor-inner-section elementor-element elementor-element-2a99579 elementor-section-boxed elementor-section-height-default elementor-section-height-default\" data-id=\"2a99579\" data-element_type=\"section\">\n\t\t\t\t\t\t<div class=\"elementor-container elementor-column-gap-default\">\n\t\t\t\t\t<div class=\"elementor-column elementor-col-50 elementor-inner-column elementor-element elementor-element-cd4168a\" data-id=\"cd4168a\" data-element_type=\"column\">\n\t\t\t<div class=\"elementor-widget-wrap elementor-element-populated\">\n\t\t\t\t\t\t<div class=\"elementor-element elementor-element-fa9d8fe elementor-position-inline-start elementor-widget__width-initial elementor-view-default elementor-mobile-position-block-start elementor-widget elementor-widget-icon-box\" data-id=\"fa9d8fe\" data-element_type=\"widget\" data-widget_type=\"icon-box.default\">\n\t\t\t\t\t\t\t<div class=\"elementor-icon-box-wrapper\">\n\n\t\t\t\t\t\t<div class=\"elementor-icon-box-icon\">\n\t\t\t\t<span  class=\"elementor-icon\">\n\t\t\t\t<i aria-hidden=\"true\" class=\"stmicon- stm-icon-question\"><\/i>\t\t\t\t<\/span>\n\t\t\t<\/div>\n\t\t\t\n\t\t\t\t\t\t<div class=\"elementor-icon-box-content\">\n\n\t\t\t\t\t\t\t\t\t<h3 class=\"elementor-icon-box-title\">\n\t\t\t\t\t\t<span  >\n\t\t\t\t\t\t\tMasz pytania? Zadzwo\u0144 jeszcze dzi\u015b\t\t\t\t\t\t<\/span>\n\t\t\t\t\t<\/h3>\n\t\t\t\t\n\t\t\t\t\n\t\t\t<\/div>\n\t\t\t\n\t\t<\/div>\n\t\t\t\t\t\t<\/div>\n\t\t\t\t\t<\/div>\n\t\t<\/div>\n\t\t\t\t<div class=\"elementor-column elementor-col-50 elementor-inner-column elementor-element elementor-element-6e22fcb\" data-id=\"6e22fcb\" data-element_type=\"column\">\n\t\t\t<div class=\"elementor-widget-wrap elementor-element-populated\">\n\t\t\t\t\t\t<div class=\"elementor-element elementor-element-91c43af elementor-position-inline-start elementor-view-default elementor-mobile-position-block-start elementor-widget elementor-widget-icon-box\" data-id=\"91c43af\" data-element_type=\"widget\" data-widget_type=\"icon-box.default\">\n\t\t\t\t\t\t\t<div class=\"elementor-icon-box-wrapper\">\n\n\t\t\t\t\t\t<div class=\"elementor-icon-box-icon\">\n\t\t\t\t<span  class=\"elementor-icon\">\n\t\t\t\t<i aria-hidden=\"true\" class=\"stmicon- stm-icon-phone2\"><\/i>\t\t\t\t<\/span>\n\t\t\t<\/div>\n\t\t\t\n\t\t\t\t\t\t<div class=\"elementor-icon-box-content\">\n\n\t\t\t\t\t\t\t\t\t<h3 class=\"elementor-icon-box-title\">\n\t\t\t\t\t\t<span  >\n\t\t\t\t\t\t\t32 275 18 07\t\t\t\t\t\t<\/span>\n\t\t\t\t\t<\/h3>\n\t\t\t\t\n\t\t\t\t\n\t\t\t<\/div>\n\t\t\t\n\t\t<\/div>\n\t\t\t\t\t\t<\/div>\n\t\t\t\t\t<\/div>\n\t\t<\/div>\n\t\t\t\t\t<\/div>\n\t\t<\/section>\n\t\t\t\t\t<\/div>\n\t\t<\/div>\n\t\t\t\t\t<\/div>\n\t\t<\/section>\n\t\t\t\t<\/div>\n\t\t","protected":false},"excerpt":{"rendered":"<p>Serwis blacharsko &#8211; lakierniczy W celu zapewnienia najwy\u017cszej jako\u015bci obs\u0142ugi i napraw wykonywanych w naszej firmie uruchomili\u015bmy Centrum Napraw Powypadkowych dla samochod\u00f3w wszystkich marek. Dzi\u0119ki pa\u0144stwa zaufaniu i ilo\u015bci samochod\u00f3w jakie mogli\u015bmy dla pa\u0144stwa naprawi\u0107 uruchomione Centrum Napraw Powypadkowych, jest jednym z najbardziej nowoczesnych serwis\u00f3w blacharsko-lakierniczych w Polsce, w kt\u00f3rym naprawiamy samochody wszystkich marek. W&#8230;<\/p>\n","protected":false},"author":1,"featured_media":0,"parent":0,"menu_order":0,"comment_status":"closed","ping_status":"closed","template":"","meta":{"footnotes":""},"class_list":["post-3555","page","type-page","status-publish","hentry"],"_links":{"self":[{"href":"https:\/\/www.autobednarczyk.com\/index.php\/wp-json\/wp\/v2\/pages\/3555","targetHints":{"allow":["GET"]}}],"collection":[{"href":"https:\/\/www.autobednarczyk.com\/index.php\/wp-json\/wp\/v2\/pages"}],"about":[{"href":"https:\/\/www.autobednarczyk.com\/index.php\/wp-json\/wp\/v2\/types\/page"}],"author":[{"embeddable":true,"href":"https:\/\/www.autobednarczyk.com\/index.php\/wp-json\/wp\/v2\/users\/1"}],"replies":[{"embeddable":true,"href":"https:\/\/www.autobednarczyk.com\/index.php\/wp-json\/wp\/v2\/comments?post=3555"}],"version-history":[{"count":24,"href":"https:\/\/www.autobednarczyk.com\/index.php\/wp-json\/wp\/v2\/pages\/3555\/revisions"}],"predecessor-version":[{"id":3718,"href":"https:\/\/www.autobednarczyk.com\/index.php\/wp-json\/wp\/v2\/pages\/3555\/revisions\/3718"}],"wp:attachment":[{"href":"https:\/\/www.autobednarczyk.com\/index.php\/wp-json\/wp\/v2\/media?parent=3555"}],"curies":[{"name":"wp","href":"https:\/\/api.w.org\/{rel}","templated":true}]}}