{"id":3564,"date":"2025-07-13T02:27:11","date_gmt":"2025-07-13T00:27:11","guid":{"rendered":"https:\/\/www.autobednarczyk.com\/?page_id=3564"},"modified":"2025-07-18T22:52:39","modified_gmt":"2025-07-18T20:52:39","slug":"czesci-i-akcesoria","status":"publish","type":"page","link":"https:\/\/www.autobednarczyk.com\/index.php\/czesci-i-akcesoria\/","title":{"rendered":"Cz\u0119\u015bci i akcesoria"},"content":{"rendered":"\t\t<div data-elementor-type=\"wp-page\" data-elementor-id=\"3564\" class=\"elementor elementor-3564\">\n\t\t\t\t\t\t<section class=\"elementor-section elementor-top-section elementor-element elementor-element-0313def elementor-section-boxed elementor-section-height-default elementor-section-height-default\" data-id=\"0313def\" data-element_type=\"section\">\n\t\t\t\t\t\t<div class=\"elementor-container elementor-column-gap-default\">\n\t\t\t\t\t<div class=\"elementor-column elementor-col-66 elementor-top-column elementor-element elementor-element-5113fef\" data-id=\"5113fef\" data-element_type=\"column\">\n\t\t\t<div class=\"elementor-widget-wrap elementor-element-populated\">\n\t\t\t\t\t\t<div class=\"elementor-element elementor-element-25ae8d5 elementor-widget elementor-widget-text-editor\" data-id=\"25ae8d5\" data-element_type=\"widget\" data-widget_type=\"text-editor.default\">\n\t\t\t\t\t\t\t\t\t<h2><span style=\"color: #cc6119;\">Cz\u0119\u015bci<\/span>\u00a0i Akcesoria<\/h2>\t\t\t\t\t\t\t\t<\/div>\n\t\t\t\t<div class=\"elementor-element elementor-element-4ff29a5 elementor-widget elementor-widget-text-editor\" data-id=\"4ff29a5\" data-element_type=\"widget\" data-widget_type=\"text-editor.default\">\n\t\t\t\t\t\t\t\t\t<p style=\"text-align: justify;\"><span style=\"color: #232628;\">Oryginalne cz\u0119\u015bci Hyundai zosta\u0142y zaprojektowane i wyprodukowane specjalnie dla samochod\u00f3w Hyundai. Wysokie nak\u0142ady ponoszone ka\u017cdego roku na badania i rozw\u00f3j, umo\u017cliwi\u0142y in\u017cynierom Hyundai dopracowanie konstrukcji, materia\u0142\u00f3w oraz struktury wewn\u0119trznej oryginalnych cz\u0119\u015bci Hyundai w ka\u017cdym ich szczeg\u00f3le. Oryginalne cz\u0119\u015bci s\u0105 testowane w ekstremalnie trudnych warunkach, aby zapewni\u0107 jako\u015b\u0107, niezawodno\u015b\u0107 i trwa\u0142o\u015b\u0107. Wysoka jako\u015b\u0107 i idealne dopasowanie cz\u0119\u015bci oryginalnych to bezawaryjna eksploatacja w kolejnych latach u\u017cytkowania samochodu.<\/span><\/p>\t\t\t\t\t\t\t\t<\/div>\n\t\t\t\t<div class=\"elementor-element elementor-element-29f9f7a elementor-widget elementor-widget-text-editor\" data-id=\"29f9f7a\" data-element_type=\"widget\" data-widget_type=\"text-editor.default\">\n\t\t\t\t\t\t\t\t\t<h4 style=\"text-align: left;\">Zapraszamy do kontaktu<\/h4>\t\t\t\t\t\t\t\t<\/div>\n\t\t\t\t<div class=\"elementor-element elementor-element-8cb520f elementor-widget elementor-widget-text-editor\" data-id=\"8cb520f\" data-element_type=\"widget\" data-widget_type=\"text-editor.default\">\n\t\t\t\t\t\t\t\t\tNasze akcesoria zaprojektowano i opracowano, aby poprawia\u0107 wygl\u0105d i mo\u017cliwo\u015bci Twojego samochodu. Zosta\u0142y one precyzyjnie wykonane, dzi\u0119ki czemu doskonale dopasowuj\u0105 si\u0119 do samochodu. Wysoka jako\u015b\u0107 materia\u0142\u00f3w i rygorystyczna dba\u0142o\u015b\u0107 o szczeg\u00f3\u0142y zapewniaj\u0105, \u017ce nasze akcesoria spe\u0142niaj\u0105 surowe standardy produkcyjne wymagane dla wszystkich produkt\u00f3w Hyundai. Doradca handlowy ch\u0119tnie pomo\u017ce w dokonaniu wyboru.\t\t\t\t\t\t\t\t<\/div>\n\t\t\t\t\t<\/div>\n\t\t<\/div>\n\t\t\t\t<div class=\"elementor-column elementor-col-33 elementor-top-column elementor-element elementor-element-e1a9776 elementor-hidden-tablet elementor-hidden-mobile\" data-id=\"e1a9776\" data-element_type=\"column\">\n\t\t\t<div class=\"elementor-widget-wrap elementor-element-populated\">\n\t\t\t\t\t\t<div class=\"elementor-element elementor-element-9903e2d elementor-widget elementor-widget-image\" data-id=\"9903e2d\" data-element_type=\"widget\" data-widget_type=\"image.default\">\n\t\t\t\t\t\t\t\t\t\t\t\t\t\t\t<img fetchpriority=\"high\" decoding=\"async\" width=\"612\" height=\"408\" src=\"https:\/\/www.autobednarczyk.com\/wp-content\/uploads\/2025\/07\/czeci.jpg\" class=\"attachment-large size-large wp-image-3723\" alt=\"\" srcset=\"https:\/\/www.autobednarczyk.com\/wp-content\/uploads\/2025\/07\/czeci.jpg 612w, https:\/\/www.autobednarczyk.com\/wp-content\/uploads\/2025\/07\/czeci-300x200.jpg 300w, https:\/\/www.autobednarczyk.com\/wp-content\/uploads\/2025\/07\/czeci-255x170.jpg 255w, https:\/\/www.autobednarczyk.com\/wp-content\/uploads\/2025\/07\/czeci-510x340.jpg 510w, https:\/\/www.autobednarczyk.com\/wp-content\/uploads\/2025\/07\/czeci-280x187.jpg 280w, https:\/\/www.autobednarczyk.com\/wp-content\/uploads\/2025\/07\/czeci-560x373.jpg 560w, https:\/\/www.autobednarczyk.com\/wp-content\/uploads\/2025\/07\/czeci-350x233.jpg 350w, https:\/\/www.autobednarczyk.com\/wp-content\/uploads\/2025\/07\/czeci-398x265.jpg 398w, https:\/\/www.autobednarczyk.com\/wp-content\/uploads\/2025\/07\/czeci-327x218.jpg 327w\" sizes=\"(max-width: 612px) 100vw, 612px\" \/>\t\t\t\t\t\t\t\t\t\t\t\t\t\t\t<\/div>\n\t\t\t\t<div class=\"elementor-element elementor-element-f1297f2 elementor-widget elementor-widget-image\" data-id=\"f1297f2\" data-element_type=\"widget\" data-widget_type=\"image.default\">\n\t\t\t\t\t\t\t\t\t\t\t\t\t\t\t<img decoding=\"async\" width=\"685\" height=\"412\" src=\"https:\/\/www.autobednarczyk.com\/wp-content\/uploads\/2025\/07\/akcesoria.jpg\" class=\"attachment-large size-large wp-image-3724\" alt=\"\" srcset=\"https:\/\/www.autobednarczyk.com\/wp-content\/uploads\/2025\/07\/akcesoria.jpg 685w, https:\/\/www.autobednarczyk.com\/wp-content\/uploads\/2025\/07\/akcesoria-300x180.jpg 300w, https:\/\/www.autobednarczyk.com\/wp-content\/uploads\/2025\/07\/akcesoria-255x153.jpg 255w, https:\/\/www.autobednarczyk.com\/wp-content\/uploads\/2025\/07\/akcesoria-510x307.jpg 510w, https:\/\/www.autobednarczyk.com\/wp-content\/uploads\/2025\/07\/akcesoria-280x168.jpg 280w, https:\/\/www.autobednarczyk.com\/wp-content\/uploads\/2025\/07\/akcesoria-560x337.jpg 560w, https:\/\/www.autobednarczyk.com\/wp-content\/uploads\/2025\/07\/akcesoria-350x211.jpg 350w, https:\/\/www.autobednarczyk.com\/wp-content\/uploads\/2025\/07\/akcesoria-398x239.jpg 398w, https:\/\/www.autobednarczyk.com\/wp-content\/uploads\/2025\/07\/akcesoria-327x197.jpg 327w\" sizes=\"(max-width: 685px) 100vw, 685px\" \/>\t\t\t\t\t\t\t\t\t\t\t\t\t\t\t<\/div>\n\t\t\t\t\t<\/div>\n\t\t<\/div>\n\t\t\t\t\t<\/div>\n\t\t<\/section>\n\t\t\t\t<section class=\"elementor-section elementor-top-section elementor-element elementor-element-de533bf elementor-section-stretched elementor-section-boxed elementor-section-height-default elementor-section-height-default\" data-id=\"de533bf\" data-element_type=\"section\" data-settings=\"{&quot;stretch_section&quot;:&quot;section-stretched&quot;,&quot;background_background&quot;:&quot;classic&quot;}\">\n\t\t\t\t\t\t<div class=\"elementor-container elementor-column-gap-default\">\n\t\t\t\t\t<div class=\"elementor-column elementor-col-100 elementor-top-column elementor-element elementor-element-aa58f5c\" data-id=\"aa58f5c\" data-element_type=\"column\">\n\t\t\t<div class=\"elementor-widget-wrap elementor-element-populated\">\n\t\t\t\t\t\t<section class=\"elementor-section elementor-inner-section elementor-element elementor-element-2a99579 elementor-section-boxed elementor-section-height-default elementor-section-height-default\" data-id=\"2a99579\" data-element_type=\"section\">\n\t\t\t\t\t\t<div class=\"elementor-container elementor-column-gap-default\">\n\t\t\t\t\t<div class=\"elementor-column elementor-col-50 elementor-inner-column elementor-element elementor-element-cd4168a\" data-id=\"cd4168a\" data-element_type=\"column\">\n\t\t\t<div class=\"elementor-widget-wrap elementor-element-populated\">\n\t\t\t\t\t\t<div class=\"elementor-element elementor-element-fa9d8fe elementor-position-inline-start elementor-view-default elementor-mobile-position-block-start elementor-widget elementor-widget-icon-box\" data-id=\"fa9d8fe\" data-element_type=\"widget\" data-widget_type=\"icon-box.default\">\n\t\t\t\t\t\t\t<div class=\"elementor-icon-box-wrapper\">\n\n\t\t\t\t\t\t<div class=\"elementor-icon-box-icon\">\n\t\t\t\t<span  class=\"elementor-icon\">\n\t\t\t\t<i aria-hidden=\"true\" class=\"stmicon- stm-icon-question\"><\/i>\t\t\t\t<\/span>\n\t\t\t<\/div>\n\t\t\t\n\t\t\t\t\t\t<div class=\"elementor-icon-box-content\">\n\n\t\t\t\t\t\t\t\t\t<h3 class=\"elementor-icon-box-title\">\n\t\t\t\t\t\t<span  >\n\t\t\t\t\t\t\tPotrzebujesz cz\u0119\u015bci lub akcesori\u00f3w?\t\t\t\t\t\t<\/span>\n\t\t\t\t\t<\/h3>\n\t\t\t\t\n\t\t\t\t\n\t\t\t<\/div>\n\t\t\t\n\t\t<\/div>\n\t\t\t\t\t\t<\/div>\n\t\t\t\t\t<\/div>\n\t\t<\/div>\n\t\t\t\t<div class=\"elementor-column elementor-col-50 elementor-inner-column elementor-element elementor-element-6e22fcb\" data-id=\"6e22fcb\" data-element_type=\"column\">\n\t\t\t<div class=\"elementor-widget-wrap elementor-element-populated\">\n\t\t\t\t\t\t<div class=\"elementor-element elementor-element-91c43af elementor-position-inline-start elementor-view-default elementor-mobile-position-block-start elementor-widget elementor-widget-icon-box\" data-id=\"91c43af\" data-element_type=\"widget\" data-widget_type=\"icon-box.default\">\n\t\t\t\t\t\t\t<div class=\"elementor-icon-box-wrapper\">\n\n\t\t\t\t\t\t<div class=\"elementor-icon-box-icon\">\n\t\t\t\t<span  class=\"elementor-icon\">\n\t\t\t\t<i aria-hidden=\"true\" class=\"stmicon- stm-icon-phone2\"><\/i>\t\t\t\t<\/span>\n\t\t\t<\/div>\n\t\t\t\n\t\t\t\t\t\t<div class=\"elementor-icon-box-content\">\n\n\t\t\t\t\t\t\t\t\t<h3 class=\"elementor-icon-box-title\">\n\t\t\t\t\t\t<span  >\n\t\t\t\t\t\t\t32 275 12 47 wew. 114 \t\t\t\t\t\t<\/span>\n\t\t\t\t\t<\/h3>\n\t\t\t\t\n\t\t\t\t\n\t\t\t<\/div>\n\t\t\t\n\t\t<\/div>\n\t\t\t\t\t\t<\/div>\n\t\t\t\t\t<\/div>\n\t\t<\/div>\n\t\t\t\t\t<\/div>\n\t\t<\/section>\n\t\t\t\t\t<\/div>\n\t\t<\/div>\n\t\t\t\t\t<\/div>\n\t\t<\/section>\n\t\t\t\t<\/div>\n\t\t","protected":false},"excerpt":{"rendered":"<p>Cz\u0119\u015bci\u00a0i Akcesoria Oryginalne cz\u0119\u015bci Hyundai zosta\u0142y zaprojektowane i wyprodukowane specjalnie dla samochod\u00f3w Hyundai. Wysokie nak\u0142ady ponoszone ka\u017cdego roku na badania i rozw\u00f3j, umo\u017cliwi\u0142y in\u017cynierom Hyundai dopracowanie konstrukcji, materia\u0142\u00f3w oraz struktury wewn\u0119trznej oryginalnych cz\u0119\u015bci Hyundai w ka\u017cdym ich szczeg\u00f3le. Oryginalne cz\u0119\u015bci s\u0105 testowane w ekstremalnie trudnych warunkach, aby zapewni\u0107 jako\u015b\u0107, niezawodno\u015b\u0107 i trwa\u0142o\u015b\u0107. Wysoka jako\u015b\u0107 i&#8230;<\/p>\n","protected":false},"author":1,"featured_media":0,"parent":0,"menu_order":0,"comment_status":"closed","ping_status":"closed","template":"","meta":{"footnotes":""},"class_list":["post-3564","page","type-page","status-publish","hentry"],"_links":{"self":[{"href":"https:\/\/www.autobednarczyk.com\/index.php\/wp-json\/wp\/v2\/pages\/3564","targetHints":{"allow":["GET"]}}],"collection":[{"href":"https:\/\/www.autobednarczyk.com\/index.php\/wp-json\/wp\/v2\/pages"}],"about":[{"href":"https:\/\/www.autobednarczyk.com\/index.php\/wp-json\/wp\/v2\/types\/page"}],"author":[{"embeddable":true,"href":"https:\/\/www.autobednarczyk.com\/index.php\/wp-json\/wp\/v2\/users\/1"}],"replies":[{"embeddable":true,"href":"https:\/\/www.autobednarczyk.com\/index.php\/wp-json\/wp\/v2\/comments?post=3564"}],"version-history":[{"count":4,"href":"https:\/\/www.autobednarczyk.com\/index.php\/wp-json\/wp\/v2\/pages\/3564\/revisions"}],"predecessor-version":[{"id":3728,"href":"https:\/\/www.autobednarczyk.com\/index.php\/wp-json\/wp\/v2\/pages\/3564\/revisions\/3728"}],"wp:attachment":[{"href":"https:\/\/www.autobednarczyk.com\/index.php\/wp-json\/wp\/v2\/media?parent=3564"}],"curies":[{"name":"wp","href":"https:\/\/api.w.org\/{rel}","templated":true}]}}